{"id":5198,"date":"2021-02-22T12:31:48","date_gmt":"2021-02-22T11:31:48","guid":{"rendered":"http:\/\/www.lucas-alarmes.com\/boutique\/?post_type=product&#038;p=5198"},"modified":"2025-03-27T12:40:20","modified_gmt":"2025-03-27T11:40:20","slug":"telecommande-4-boutons","status":"publish","type":"product","link":"https:\/\/www.lucas-alarmes.com\/boutique\/vente-materiel\/telecommande-4-boutons\/","title":{"rendered":"T\u00e9l\u00e9commande 4 boutons"},"content":{"rendered":"<p>Une t\u00e9l\u00e9commande pratique et s\u00e9curis\u00e9e gr\u00e2ce \u00e0 ses 4 boutons g\u00e9n\u00e9ralement utilis\u00e9e pour armer et d\u00e9sarmer ainsi que pour revoir le statut du syst\u00e8me.<\/p>\n","protected":false},"excerpt":{"rendered":"<p>Une t\u00e9l\u00e9commande pratique et s\u00e9curis\u00e9e gr\u00e2ce \u00e0 ses 4 boutons g\u00e9n\u00e9ralement utilis\u00e9e pour armer et d\u00e9sarmer ainsi que pour revoir le statut du syst\u00e8me.<\/p>\n","protected":false},"featured_media":5362,"comment_status":"open","ping_status":"closed","template":"","meta":[],"product_brand":[],"product_cat":[135],"product_tag":[],"class_list":{"0":"post-5198","1":"product","2":"type-product","3":"status-publish","4":"has-post-thumbnail","6":"product_cat-commandes-sans-fil-agility","8":"first","9":"instock","10":"taxable","11":"shipping-taxable","12":"purchasable","13":"product-type-simple"},"yoast_head":"<!-- This site is optimized with the Yoast SEO plugin v24.4 - https:\/\/yoast.com\/wordpress\/plugins\/seo\/ -->\n<title>T\u00e9l\u00e9commande 4 boutons - Boutique Lucas Alarmes<\/title>\n<meta name=\"robots\" content=\"index, follow, max-snippet:-1, max-image-preview:large, max-video-preview:-1\" \/>\n<link rel=\"canonical\" href=\"https:\/\/www.lucas-alarmes.com\/boutique\/vente-materiel\/telecommande-4-boutons\/\" \/>\n<meta property=\"og:locale\" content=\"fr_FR\" \/>\n<meta property=\"og:type\" content=\"article\" \/>\n<meta property=\"og:title\" content=\"T\u00e9l\u00e9commande 4 boutons - Boutique Lucas Alarmes\" \/>\n<meta property=\"og:description\" content=\"Une t\u00e9l\u00e9commande pratique et s\u00e9curis\u00e9e gr\u00e2ce \u00e0 ses 4 boutons g\u00e9n\u00e9ralement utilis\u00e9e pour armer et d\u00e9sarmer ainsi que pour revoir le statut du syst\u00e8me.\" \/>\n<meta property=\"og:url\" content=\"https:\/\/www.lucas-alarmes.com\/boutique\/vente-materiel\/telecommande-4-boutons\/\" \/>\n<meta property=\"og:site_name\" content=\"Boutique Lucas Alarmes\" \/>\n<meta property=\"article:modified_time\" content=\"2025-03-27T11:40:20+00:00\" \/>\n<meta property=\"og:image\" content=\"https:\/\/www.lucas-alarmes.com\/boutique\/wp-content\/uploads\/sites\/3\/2021\/02\/image00004-scaled.jpeg\" \/>\n\t<meta property=\"og:image:width\" content=\"2560\" \/>\n\t<meta property=\"og:image:height\" content=\"2560\" \/>\n\t<meta property=\"og:image:type\" content=\"image\/jpeg\" \/>\n<meta name=\"twitter:card\" content=\"summary_large_image\" \/>\n<meta name=\"twitter:label1\" content=\"Dur\u00e9e de lecture estim\u00e9e\" \/>\n\t<meta name=\"twitter:data1\" content=\"1 minute\" \/>\n<script type=\"application\/ld+json\" class=\"yoast-schema-graph\">{\"@context\":\"https:\/\/schema.org\",\"@graph\":[{\"@type\":\"WebPage\",\"@id\":\"https:\/\/www.lucas-alarmes.com\/boutique\/vente-materiel\/telecommande-4-boutons\/\",\"url\":\"https:\/\/www.lucas-alarmes.com\/boutique\/vente-materiel\/telecommande-4-boutons\/\",\"name\":\"T\u00e9l\u00e9commande 4 boutons - Boutique Lucas Alarmes\",\"isPartOf\":{\"@id\":\"https:\/\/www.lucas-alarmes.com\/boutique\/#website\"},\"primaryImageOfPage\":{\"@id\":\"https:\/\/www.lucas-alarmes.com\/boutique\/vente-materiel\/telecommande-4-boutons\/#primaryimage\"},\"image\":{\"@id\":\"https:\/\/www.lucas-alarmes.com\/boutique\/vente-materiel\/telecommande-4-boutons\/#primaryimage\"},\"thumbnailUrl\":\"https:\/\/www.lucas-alarmes.com\/boutique\/wp-content\/uploads\/sites\/3\/2021\/02\/image00004-scaled.jpeg\",\"datePublished\":\"2021-02-22T11:31:48+00:00\",\"dateModified\":\"2025-03-27T11:40:20+00:00\",\"breadcrumb\":{\"@id\":\"https:\/\/www.lucas-alarmes.com\/boutique\/vente-materiel\/telecommande-4-boutons\/#breadcrumb\"},\"inLanguage\":\"fr-FR\",\"potentialAction\":[{\"@type\":\"ReadAction\",\"target\":[\"https:\/\/www.lucas-alarmes.com\/boutique\/vente-materiel\/telecommande-4-boutons\/\"]}]},{\"@type\":\"ImageObject\",\"inLanguage\":\"fr-FR\",\"@id\":\"https:\/\/www.lucas-alarmes.com\/boutique\/vente-materiel\/telecommande-4-boutons\/#primaryimage\",\"url\":\"https:\/\/www.lucas-alarmes.com\/boutique\/wp-content\/uploads\/sites\/3\/2021\/02\/image00004-scaled.jpeg\",\"contentUrl\":\"https:\/\/www.lucas-alarmes.com\/boutique\/wp-content\/uploads\/sites\/3\/2021\/02\/image00004-scaled.jpeg\",\"width\":2560,\"height\":2560},{\"@type\":\"BreadcrumbList\",\"@id\":\"https:\/\/www.lucas-alarmes.com\/boutique\/vente-materiel\/telecommande-4-boutons\/#breadcrumb\",\"itemListElement\":[{\"@type\":\"ListItem\",\"position\":1,\"name\":\"Accueil\",\"item\":\"https:\/\/www.lucas-alarmes.com\/boutique\/\"},{\"@type\":\"ListItem\",\"position\":2,\"name\":\"Shop\",\"item\":\"https:\/\/www.lucas-alarmes.com\/boutique\/shop\/\"},{\"@type\":\"ListItem\",\"position\":3,\"name\":\"T\u00e9l\u00e9commande 4 boutons\"}]},{\"@type\":\"WebSite\",\"@id\":\"https:\/\/www.lucas-alarmes.com\/boutique\/#website\",\"url\":\"https:\/\/www.lucas-alarmes.com\/boutique\/\",\"name\":\"Boutique Lucas Alarmes\",\"description\":\"Le Sp\u00e9cialiste de l&#039;alarme sans fil\",\"potentialAction\":[{\"@type\":\"SearchAction\",\"target\":{\"@type\":\"EntryPoint\",\"urlTemplate\":\"https:\/\/www.lucas-alarmes.com\/boutique\/?s={search_term_string}\"},\"query-input\":{\"@type\":\"PropertyValueSpecification\",\"valueRequired\":true,\"valueName\":\"search_term_string\"}}],\"inLanguage\":\"fr-FR\"}]}<\/script>\n<!-- \/ Yoast SEO plugin. -->","yoast_head_json":{"title":"T\u00e9l\u00e9commande 4 boutons - Boutique Lucas Alarmes","robots":{"index":"index","follow":"follow","max-snippet":"max-snippet:-1","max-image-preview":"max-image-preview:large","max-video-preview":"max-video-preview:-1"},"canonical":"https:\/\/www.lucas-alarmes.com\/boutique\/vente-materiel\/telecommande-4-boutons\/","og_locale":"fr_FR","og_type":"article","og_title":"T\u00e9l\u00e9commande 4 boutons - Boutique Lucas Alarmes","og_description":"Une t\u00e9l\u00e9commande pratique et s\u00e9curis\u00e9e gr\u00e2ce \u00e0 ses 4 boutons g\u00e9n\u00e9ralement utilis\u00e9e pour armer et d\u00e9sarmer ainsi que pour revoir le statut du syst\u00e8me.","og_url":"https:\/\/www.lucas-alarmes.com\/boutique\/vente-materiel\/telecommande-4-boutons\/","og_site_name":"Boutique Lucas Alarmes","article_modified_time":"2025-03-27T11:40:20+00:00","og_image":[{"width":2560,"height":2560,"url":"https:\/\/www.lucas-alarmes.com\/boutique\/wp-content\/uploads\/sites\/3\/2021\/02\/image00004-scaled.jpeg","type":"image\/jpeg"}],"twitter_card":"summary_large_image","twitter_misc":{"Dur\u00e9e de lecture estim\u00e9e":"1 minute"},"schema":{"@context":"https:\/\/schema.org","@graph":[{"@type":"WebPage","@id":"https:\/\/www.lucas-alarmes.com\/boutique\/vente-materiel\/telecommande-4-boutons\/","url":"https:\/\/www.lucas-alarmes.com\/boutique\/vente-materiel\/telecommande-4-boutons\/","name":"T\u00e9l\u00e9commande 4 boutons - Boutique Lucas Alarmes","isPartOf":{"@id":"https:\/\/www.lucas-alarmes.com\/boutique\/#website"},"primaryImageOfPage":{"@id":"https:\/\/www.lucas-alarmes.com\/boutique\/vente-materiel\/telecommande-4-boutons\/#primaryimage"},"image":{"@id":"https:\/\/www.lucas-alarmes.com\/boutique\/vente-materiel\/telecommande-4-boutons\/#primaryimage"},"thumbnailUrl":"https:\/\/www.lucas-alarmes.com\/boutique\/wp-content\/uploads\/sites\/3\/2021\/02\/image00004-scaled.jpeg","datePublished":"2021-02-22T11:31:48+00:00","dateModified":"2025-03-27T11:40:20+00:00","breadcrumb":{"@id":"https:\/\/www.lucas-alarmes.com\/boutique\/vente-materiel\/telecommande-4-boutons\/#breadcrumb"},"inLanguage":"fr-FR","potentialAction":[{"@type":"ReadAction","target":["https:\/\/www.lucas-alarmes.com\/boutique\/vente-materiel\/telecommande-4-boutons\/"]}]},{"@type":"ImageObject","inLanguage":"fr-FR","@id":"https:\/\/www.lucas-alarmes.com\/boutique\/vente-materiel\/telecommande-4-boutons\/#primaryimage","url":"https:\/\/www.lucas-alarmes.com\/boutique\/wp-content\/uploads\/sites\/3\/2021\/02\/image00004-scaled.jpeg","contentUrl":"https:\/\/www.lucas-alarmes.com\/boutique\/wp-content\/uploads\/sites\/3\/2021\/02\/image00004-scaled.jpeg","width":2560,"height":2560},{"@type":"BreadcrumbList","@id":"https:\/\/www.lucas-alarmes.com\/boutique\/vente-materiel\/telecommande-4-boutons\/#breadcrumb","itemListElement":[{"@type":"ListItem","position":1,"name":"Accueil","item":"https:\/\/www.lucas-alarmes.com\/boutique\/"},{"@type":"ListItem","position":2,"name":"Shop","item":"https:\/\/www.lucas-alarmes.com\/boutique\/shop\/"},{"@type":"ListItem","position":3,"name":"T\u00e9l\u00e9commande 4 boutons"}]},{"@type":"WebSite","@id":"https:\/\/www.lucas-alarmes.com\/boutique\/#website","url":"https:\/\/www.lucas-alarmes.com\/boutique\/","name":"Boutique Lucas Alarmes","description":"Le Sp\u00e9cialiste de l&#039;alarme sans fil","potentialAction":[{"@type":"SearchAction","target":{"@type":"EntryPoint","urlTemplate":"https:\/\/www.lucas-alarmes.com\/boutique\/?s={search_term_string}"},"query-input":{"@type":"PropertyValueSpecification","valueRequired":true,"valueName":"search_term_string"}}],"inLanguage":"fr-FR"}]}},"_links":{"self":[{"href":"https:\/\/www.lucas-alarmes.com\/boutique\/wp-json\/wp\/v2\/product\/5198","targetHints":{"allow":["GET"]}}],"collection":[{"href":"https:\/\/www.lucas-alarmes.com\/boutique\/wp-json\/wp\/v2\/product"}],"about":[{"href":"https:\/\/www.lucas-alarmes.com\/boutique\/wp-json\/wp\/v2\/types\/product"}],"replies":[{"embeddable":true,"href":"https:\/\/www.lucas-alarmes.com\/boutique\/wp-json\/wp\/v2\/comments?post=5198"}],"wp:featuredmedia":[{"embeddable":true,"href":"https:\/\/www.lucas-alarmes.com\/boutique\/wp-json\/wp\/v2\/media\/5362"}],"wp:attachment":[{"href":"https:\/\/www.lucas-alarmes.com\/boutique\/wp-json\/wp\/v2\/media?parent=5198"}],"wp:term":[{"taxonomy":"product_brand","embeddable":true,"href":"https:\/\/www.lucas-alarmes.com\/boutique\/wp-json\/wp\/v2\/product_brand?post=5198"},{"taxonomy":"product_cat","embeddable":true,"href":"https:\/\/www.lucas-alarmes.com\/boutique\/wp-json\/wp\/v2\/product_cat?post=5198"},{"taxonomy":"product_tag","embeddable":true,"href":"https:\/\/www.lucas-alarmes.com\/boutique\/wp-json\/wp\/v2\/product_tag?post=5198"}],"curies":[{"name":"wp","href":"https:\/\/api.w.org\/{rel}","templated":true}]}}