{"id":5191,"date":"2021-02-22T12:21:01","date_gmt":"2021-02-22T11:21:01","guid":{"rendered":"http:\/\/www.lucas-alarmes.com\/boutique\/?post_type=product&#038;p=5191"},"modified":"2021-02-22T12:27:20","modified_gmt":"2021-02-22T11:27:20","slug":"iwave-irpirp-pet-sans-fil","status":"publish","type":"product","link":"https:\/\/www.lucas-alarmes.com\/boutique\/vente-materiel\/iwave-irpirp-pet-sans-fil\/","title":{"rendered":"iWAVE IRP\/IRP Pet Sans fil"},"content":{"rendered":"<p>iWAVE DT\/DT Pet Sans fil D\u00e9tecteur int\u00e9rieur \u00e9l\u00e9gant avec une version DT pour une performance de capture sup\u00e9rieure. Facile \u00e0 installer gr\u00e2ce \u00e0 son support mural.<\/p>\n","protected":false},"excerpt":{"rendered":"<p>iWAVE DT\/DT Pet Sans fil D\u00e9tecteur int\u00e9rieur \u00e9l\u00e9gant avec une version DT pour une performance de capture sup\u00e9rieure. Facile \u00e0 installer gr\u00e2ce \u00e0 son support mural.<\/p>\n","protected":false},"featured_media":5193,"comment_status":"open","ping_status":"closed","template":"","meta":[],"product_brand":[],"product_cat":[134],"product_tag":[],"class_list":{"0":"post-5191","1":"product","2":"type-product","3":"status-publish","4":"has-post-thumbnail","6":"product_cat-detecteurs-sans-fil-agility","8":"first","9":"instock","10":"taxable","11":"shipping-taxable","12":"purchasable","13":"product-type-simple"},"yoast_head":"<!-- This site is optimized with the Yoast SEO plugin v24.4 - https:\/\/yoast.com\/wordpress\/plugins\/seo\/ -->\n<title>iWAVE IRP\/IRP Pet Sans fil - Boutique Lucas Alarmes<\/title>\n<meta name=\"robots\" content=\"index, follow, max-snippet:-1, max-image-preview:large, max-video-preview:-1\" \/>\n<link rel=\"canonical\" href=\"https:\/\/www.lucas-alarmes.com\/boutique\/vente-materiel\/iwave-irpirp-pet-sans-fil\/\" \/>\n<meta property=\"og:locale\" content=\"fr_FR\" \/>\n<meta property=\"og:type\" content=\"article\" \/>\n<meta property=\"og:title\" content=\"iWAVE IRP\/IRP Pet Sans fil - Boutique Lucas Alarmes\" \/>\n<meta property=\"og:description\" content=\"iWAVE DT\/DT Pet Sans fil D\u00e9tecteur int\u00e9rieur \u00e9l\u00e9gant avec une version DT pour une performance de capture sup\u00e9rieure. Facile \u00e0 installer gr\u00e2ce \u00e0 son support mural.\" \/>\n<meta property=\"og:url\" content=\"https:\/\/www.lucas-alarmes.com\/boutique\/vente-materiel\/iwave-irpirp-pet-sans-fil\/\" \/>\n<meta property=\"og:site_name\" content=\"Boutique Lucas Alarmes\" \/>\n<meta property=\"article:modified_time\" content=\"2021-02-22T11:27:20+00:00\" \/>\n<meta property=\"og:image\" content=\"https:\/\/www.lucas-alarmes.com\/boutique\/wp-content\/uploads\/sites\/3\/2021\/02\/Pet-detector.jpg\" \/>\n\t<meta property=\"og:image:width\" content=\"540\" \/>\n\t<meta property=\"og:image:height\" content=\"510\" \/>\n\t<meta property=\"og:image:type\" content=\"image\/jpeg\" \/>\n<meta name=\"twitter:card\" content=\"summary_large_image\" \/>\n<script type=\"application\/ld+json\" class=\"yoast-schema-graph\">{\"@context\":\"https:\/\/schema.org\",\"@graph\":[{\"@type\":\"WebPage\",\"@id\":\"https:\/\/www.lucas-alarmes.com\/boutique\/vente-materiel\/iwave-irpirp-pet-sans-fil\/\",\"url\":\"https:\/\/www.lucas-alarmes.com\/boutique\/vente-materiel\/iwave-irpirp-pet-sans-fil\/\",\"name\":\"iWAVE IRP\/IRP Pet Sans fil - Boutique Lucas Alarmes\",\"isPartOf\":{\"@id\":\"https:\/\/www.lucas-alarmes.com\/boutique\/#website\"},\"primaryImageOfPage\":{\"@id\":\"https:\/\/www.lucas-alarmes.com\/boutique\/vente-materiel\/iwave-irpirp-pet-sans-fil\/#primaryimage\"},\"image\":{\"@id\":\"https:\/\/www.lucas-alarmes.com\/boutique\/vente-materiel\/iwave-irpirp-pet-sans-fil\/#primaryimage\"},\"thumbnailUrl\":\"https:\/\/www.lucas-alarmes.com\/boutique\/wp-content\/uploads\/sites\/3\/2021\/02\/Pet-detector.jpg\",\"datePublished\":\"2021-02-22T11:21:01+00:00\",\"dateModified\":\"2021-02-22T11:27:20+00:00\",\"breadcrumb\":{\"@id\":\"https:\/\/www.lucas-alarmes.com\/boutique\/vente-materiel\/iwave-irpirp-pet-sans-fil\/#breadcrumb\"},\"inLanguage\":\"fr-FR\",\"potentialAction\":[{\"@type\":\"ReadAction\",\"target\":[\"https:\/\/www.lucas-alarmes.com\/boutique\/vente-materiel\/iwave-irpirp-pet-sans-fil\/\"]}]},{\"@type\":\"ImageObject\",\"inLanguage\":\"fr-FR\",\"@id\":\"https:\/\/www.lucas-alarmes.com\/boutique\/vente-materiel\/iwave-irpirp-pet-sans-fil\/#primaryimage\",\"url\":\"https:\/\/www.lucas-alarmes.com\/boutique\/wp-content\/uploads\/sites\/3\/2021\/02\/Pet-detector.jpg\",\"contentUrl\":\"https:\/\/www.lucas-alarmes.com\/boutique\/wp-content\/uploads\/sites\/3\/2021\/02\/Pet-detector.jpg\",\"width\":540,\"height\":510},{\"@type\":\"BreadcrumbList\",\"@id\":\"https:\/\/www.lucas-alarmes.com\/boutique\/vente-materiel\/iwave-irpirp-pet-sans-fil\/#breadcrumb\",\"itemListElement\":[{\"@type\":\"ListItem\",\"position\":1,\"name\":\"Accueil\",\"item\":\"https:\/\/www.lucas-alarmes.com\/boutique\/\"},{\"@type\":\"ListItem\",\"position\":2,\"name\":\"Shop\",\"item\":\"https:\/\/www.lucas-alarmes.com\/boutique\/shop\/\"},{\"@type\":\"ListItem\",\"position\":3,\"name\":\"iWAVE IRP\/IRP Pet Sans fil\"}]},{\"@type\":\"WebSite\",\"@id\":\"https:\/\/www.lucas-alarmes.com\/boutique\/#website\",\"url\":\"https:\/\/www.lucas-alarmes.com\/boutique\/\",\"name\":\"Boutique Lucas Alarmes\",\"description\":\"Le Sp\u00e9cialiste de l&#039;alarme sans fil\",\"potentialAction\":[{\"@type\":\"SearchAction\",\"target\":{\"@type\":\"EntryPoint\",\"urlTemplate\":\"https:\/\/www.lucas-alarmes.com\/boutique\/?s={search_term_string}\"},\"query-input\":{\"@type\":\"PropertyValueSpecification\",\"valueRequired\":true,\"valueName\":\"search_term_string\"}}],\"inLanguage\":\"fr-FR\"}]}<\/script>\n<!-- \/ Yoast SEO plugin. -->","yoast_head_json":{"title":"iWAVE IRP\/IRP Pet Sans fil - Boutique Lucas Alarmes","robots":{"index":"index","follow":"follow","max-snippet":"max-snippet:-1","max-image-preview":"max-image-preview:large","max-video-preview":"max-video-preview:-1"},"canonical":"https:\/\/www.lucas-alarmes.com\/boutique\/vente-materiel\/iwave-irpirp-pet-sans-fil\/","og_locale":"fr_FR","og_type":"article","og_title":"iWAVE IRP\/IRP Pet Sans fil - Boutique Lucas Alarmes","og_description":"iWAVE DT\/DT Pet Sans fil D\u00e9tecteur int\u00e9rieur \u00e9l\u00e9gant avec une version DT pour une performance de capture sup\u00e9rieure. Facile \u00e0 installer gr\u00e2ce \u00e0 son support mural.","og_url":"https:\/\/www.lucas-alarmes.com\/boutique\/vente-materiel\/iwave-irpirp-pet-sans-fil\/","og_site_name":"Boutique Lucas Alarmes","article_modified_time":"2021-02-22T11:27:20+00:00","og_image":[{"width":540,"height":510,"url":"https:\/\/www.lucas-alarmes.com\/boutique\/wp-content\/uploads\/sites\/3\/2021\/02\/Pet-detector.jpg","type":"image\/jpeg"}],"twitter_card":"summary_large_image","schema":{"@context":"https:\/\/schema.org","@graph":[{"@type":"WebPage","@id":"https:\/\/www.lucas-alarmes.com\/boutique\/vente-materiel\/iwave-irpirp-pet-sans-fil\/","url":"https:\/\/www.lucas-alarmes.com\/boutique\/vente-materiel\/iwave-irpirp-pet-sans-fil\/","name":"iWAVE IRP\/IRP Pet Sans fil - Boutique Lucas Alarmes","isPartOf":{"@id":"https:\/\/www.lucas-alarmes.com\/boutique\/#website"},"primaryImageOfPage":{"@id":"https:\/\/www.lucas-alarmes.com\/boutique\/vente-materiel\/iwave-irpirp-pet-sans-fil\/#primaryimage"},"image":{"@id":"https:\/\/www.lucas-alarmes.com\/boutique\/vente-materiel\/iwave-irpirp-pet-sans-fil\/#primaryimage"},"thumbnailUrl":"https:\/\/www.lucas-alarmes.com\/boutique\/wp-content\/uploads\/sites\/3\/2021\/02\/Pet-detector.jpg","datePublished":"2021-02-22T11:21:01+00:00","dateModified":"2021-02-22T11:27:20+00:00","breadcrumb":{"@id":"https:\/\/www.lucas-alarmes.com\/boutique\/vente-materiel\/iwave-irpirp-pet-sans-fil\/#breadcrumb"},"inLanguage":"fr-FR","potentialAction":[{"@type":"ReadAction","target":["https:\/\/www.lucas-alarmes.com\/boutique\/vente-materiel\/iwave-irpirp-pet-sans-fil\/"]}]},{"@type":"ImageObject","inLanguage":"fr-FR","@id":"https:\/\/www.lucas-alarmes.com\/boutique\/vente-materiel\/iwave-irpirp-pet-sans-fil\/#primaryimage","url":"https:\/\/www.lucas-alarmes.com\/boutique\/wp-content\/uploads\/sites\/3\/2021\/02\/Pet-detector.jpg","contentUrl":"https:\/\/www.lucas-alarmes.com\/boutique\/wp-content\/uploads\/sites\/3\/2021\/02\/Pet-detector.jpg","width":540,"height":510},{"@type":"BreadcrumbList","@id":"https:\/\/www.lucas-alarmes.com\/boutique\/vente-materiel\/iwave-irpirp-pet-sans-fil\/#breadcrumb","itemListElement":[{"@type":"ListItem","position":1,"name":"Accueil","item":"https:\/\/www.lucas-alarmes.com\/boutique\/"},{"@type":"ListItem","position":2,"name":"Shop","item":"https:\/\/www.lucas-alarmes.com\/boutique\/shop\/"},{"@type":"ListItem","position":3,"name":"iWAVE IRP\/IRP Pet Sans fil"}]},{"@type":"WebSite","@id":"https:\/\/www.lucas-alarmes.com\/boutique\/#website","url":"https:\/\/www.lucas-alarmes.com\/boutique\/","name":"Boutique Lucas Alarmes","description":"Le Sp\u00e9cialiste de l&#039;alarme sans fil","potentialAction":[{"@type":"SearchAction","target":{"@type":"EntryPoint","urlTemplate":"https:\/\/www.lucas-alarmes.com\/boutique\/?s={search_term_string}"},"query-input":{"@type":"PropertyValueSpecification","valueRequired":true,"valueName":"search_term_string"}}],"inLanguage":"fr-FR"}]}},"_links":{"self":[{"href":"https:\/\/www.lucas-alarmes.com\/boutique\/wp-json\/wp\/v2\/product\/5191","targetHints":{"allow":["GET"]}}],"collection":[{"href":"https:\/\/www.lucas-alarmes.com\/boutique\/wp-json\/wp\/v2\/product"}],"about":[{"href":"https:\/\/www.lucas-alarmes.com\/boutique\/wp-json\/wp\/v2\/types\/product"}],"replies":[{"embeddable":true,"href":"https:\/\/www.lucas-alarmes.com\/boutique\/wp-json\/wp\/v2\/comments?post=5191"}],"wp:featuredmedia":[{"embeddable":true,"href":"https:\/\/www.lucas-alarmes.com\/boutique\/wp-json\/wp\/v2\/media\/5193"}],"wp:attachment":[{"href":"https:\/\/www.lucas-alarmes.com\/boutique\/wp-json\/wp\/v2\/media?parent=5191"}],"wp:term":[{"taxonomy":"product_brand","embeddable":true,"href":"https:\/\/www.lucas-alarmes.com\/boutique\/wp-json\/wp\/v2\/product_brand?post=5191"},{"taxonomy":"product_cat","embeddable":true,"href":"https:\/\/www.lucas-alarmes.com\/boutique\/wp-json\/wp\/v2\/product_cat?post=5191"},{"taxonomy":"product_tag","embeddable":true,"href":"https:\/\/www.lucas-alarmes.com\/boutique\/wp-json\/wp\/v2\/product_tag?post=5191"}],"curies":[{"name":"wp","href":"https:\/\/api.w.org\/{rel}","templated":true}]}}