{"id":5189,"date":"2021-02-22T12:19:26","date_gmt":"2021-02-22T11:19:26","guid":{"rendered":"http:\/\/www.lucas-alarmes.com\/boutique\/?post_type=product&#038;p=5189"},"modified":"2021-02-22T12:19:37","modified_gmt":"2021-02-22T11:19:37","slug":"centrale-risco-agility-4","status":"publish","type":"product","link":"https:\/\/www.lucas-alarmes.com\/boutique\/vente-materiel\/centrale-risco-agility-4\/","title":{"rendered":"Centrale Risco AGILITY 4"},"content":{"rendered":"<p>Risco AGILITY 4 Centrale est agr\u00e9\u00e9e NF-A2P inclut de base le clavier sans fil RW332KP PANDA et le nouveau module IP RP512IP, plus rapide et s\u00e9curis\u00e9, pour la gestion \u00e0 distance par application smartphone ou web gr\u00e2ce \u00e0 au service RiscoCloud. 460\u20acTTC<\/p>\n","protected":false},"excerpt":{"rendered":"<p>Risco AGILITY 4 Centrale est agr\u00e9\u00e9e NF-A2P inclut de base le clavier sans fil RW332KP PANDA et le nouveau module IP RP512IP, plus rapide et s\u00e9curis\u00e9, pour la gestion \u00e0 distance par application smartphone ou web gr\u00e2ce \u00e0 au service RiscoCloud. 460\u20acTTC<\/p>\n","protected":false},"featured_media":5190,"comment_status":"open","ping_status":"closed","template":"","meta":[],"product_brand":[],"product_cat":[133],"product_tag":[],"class_list":{"0":"post-5189","1":"product","2":"type-product","3":"status-publish","4":"has-post-thumbnail","6":"product_cat-centrales-sans-fil-agility","8":"first","9":"instock","10":"taxable","11":"shipping-taxable","12":"purchasable","13":"product-type-simple"},"yoast_head":"<!-- This site is optimized with the Yoast SEO plugin v24.4 - https:\/\/yoast.com\/wordpress\/plugins\/seo\/ -->\n<title>Centrale Risco AGILITY 4 - Boutique Lucas Alarmes<\/title>\n<meta name=\"robots\" content=\"index, follow, max-snippet:-1, max-image-preview:large, max-video-preview:-1\" \/>\n<link rel=\"canonical\" href=\"https:\/\/www.lucas-alarmes.com\/boutique\/vente-materiel\/centrale-risco-agility-4\/\" \/>\n<meta property=\"og:locale\" content=\"fr_FR\" \/>\n<meta property=\"og:type\" content=\"article\" \/>\n<meta property=\"og:title\" content=\"Centrale Risco AGILITY 4 - Boutique Lucas Alarmes\" \/>\n<meta property=\"og:description\" content=\"Risco AGILITY 4 Centrale est agr\u00e9\u00e9e NF-A2P inclut de base le clavier sans fil RW332KP PANDA et le nouveau module IP RP512IP, plus rapide et s\u00e9curis\u00e9, pour la gestion \u00e0 distance par application smartphone ou web gr\u00e2ce \u00e0 au service RiscoCloud. 460\u20acTTC\" \/>\n<meta property=\"og:url\" content=\"https:\/\/www.lucas-alarmes.com\/boutique\/vente-materiel\/centrale-risco-agility-4\/\" \/>\n<meta property=\"og:site_name\" content=\"Boutique Lucas Alarmes\" \/>\n<meta property=\"article:modified_time\" content=\"2021-02-22T11:19:37+00:00\" \/>\n<meta property=\"og:image\" content=\"https:\/\/www.lucas-alarmes.com\/boutique\/wp-content\/uploads\/sites\/3\/2021\/02\/Centrale-Risco-Agility-4.png\" \/>\n\t<meta property=\"og:image:width\" content=\"600\" \/>\n\t<meta property=\"og:image:height\" content=\"600\" \/>\n\t<meta property=\"og:image:type\" content=\"image\/png\" \/>\n<meta name=\"twitter:card\" content=\"summary_large_image\" \/>\n<script type=\"application\/ld+json\" class=\"yoast-schema-graph\">{\"@context\":\"https:\/\/schema.org\",\"@graph\":[{\"@type\":\"WebPage\",\"@id\":\"https:\/\/www.lucas-alarmes.com\/boutique\/vente-materiel\/centrale-risco-agility-4\/\",\"url\":\"https:\/\/www.lucas-alarmes.com\/boutique\/vente-materiel\/centrale-risco-agility-4\/\",\"name\":\"Centrale Risco AGILITY 4 - Boutique Lucas Alarmes\",\"isPartOf\":{\"@id\":\"https:\/\/www.lucas-alarmes.com\/boutique\/#website\"},\"primaryImageOfPage\":{\"@id\":\"https:\/\/www.lucas-alarmes.com\/boutique\/vente-materiel\/centrale-risco-agility-4\/#primaryimage\"},\"image\":{\"@id\":\"https:\/\/www.lucas-alarmes.com\/boutique\/vente-materiel\/centrale-risco-agility-4\/#primaryimage\"},\"thumbnailUrl\":\"https:\/\/www.lucas-alarmes.com\/boutique\/wp-content\/uploads\/sites\/3\/2021\/02\/Centrale-Risco-Agility-4.png\",\"datePublished\":\"2021-02-22T11:19:26+00:00\",\"dateModified\":\"2021-02-22T11:19:37+00:00\",\"breadcrumb\":{\"@id\":\"https:\/\/www.lucas-alarmes.com\/boutique\/vente-materiel\/centrale-risco-agility-4\/#breadcrumb\"},\"inLanguage\":\"fr-FR\",\"potentialAction\":[{\"@type\":\"ReadAction\",\"target\":[\"https:\/\/www.lucas-alarmes.com\/boutique\/vente-materiel\/centrale-risco-agility-4\/\"]}]},{\"@type\":\"ImageObject\",\"inLanguage\":\"fr-FR\",\"@id\":\"https:\/\/www.lucas-alarmes.com\/boutique\/vente-materiel\/centrale-risco-agility-4\/#primaryimage\",\"url\":\"https:\/\/www.lucas-alarmes.com\/boutique\/wp-content\/uploads\/sites\/3\/2021\/02\/Centrale-Risco-Agility-4.png\",\"contentUrl\":\"https:\/\/www.lucas-alarmes.com\/boutique\/wp-content\/uploads\/sites\/3\/2021\/02\/Centrale-Risco-Agility-4.png\",\"width\":600,\"height\":600},{\"@type\":\"BreadcrumbList\",\"@id\":\"https:\/\/www.lucas-alarmes.com\/boutique\/vente-materiel\/centrale-risco-agility-4\/#breadcrumb\",\"itemListElement\":[{\"@type\":\"ListItem\",\"position\":1,\"name\":\"Accueil\",\"item\":\"https:\/\/www.lucas-alarmes.com\/boutique\/\"},{\"@type\":\"ListItem\",\"position\":2,\"name\":\"Shop\",\"item\":\"https:\/\/www.lucas-alarmes.com\/boutique\/shop\/\"},{\"@type\":\"ListItem\",\"position\":3,\"name\":\"Centrale Risco AGILITY 4\"}]},{\"@type\":\"WebSite\",\"@id\":\"https:\/\/www.lucas-alarmes.com\/boutique\/#website\",\"url\":\"https:\/\/www.lucas-alarmes.com\/boutique\/\",\"name\":\"Boutique Lucas Alarmes\",\"description\":\"Le Sp\u00e9cialiste de l&#039;alarme sans fil\",\"potentialAction\":[{\"@type\":\"SearchAction\",\"target\":{\"@type\":\"EntryPoint\",\"urlTemplate\":\"https:\/\/www.lucas-alarmes.com\/boutique\/?s={search_term_string}\"},\"query-input\":{\"@type\":\"PropertyValueSpecification\",\"valueRequired\":true,\"valueName\":\"search_term_string\"}}],\"inLanguage\":\"fr-FR\"}]}<\/script>\n<!-- \/ Yoast SEO plugin. -->","yoast_head_json":{"title":"Centrale Risco AGILITY 4 - Boutique Lucas Alarmes","robots":{"index":"index","follow":"follow","max-snippet":"max-snippet:-1","max-image-preview":"max-image-preview:large","max-video-preview":"max-video-preview:-1"},"canonical":"https:\/\/www.lucas-alarmes.com\/boutique\/vente-materiel\/centrale-risco-agility-4\/","og_locale":"fr_FR","og_type":"article","og_title":"Centrale Risco AGILITY 4 - Boutique Lucas Alarmes","og_description":"Risco AGILITY 4 Centrale est agr\u00e9\u00e9e NF-A2P inclut de base le clavier sans fil RW332KP PANDA et le nouveau module IP RP512IP, plus rapide et s\u00e9curis\u00e9, pour la gestion \u00e0 distance par application smartphone ou web gr\u00e2ce \u00e0 au service RiscoCloud. 460\u20acTTC","og_url":"https:\/\/www.lucas-alarmes.com\/boutique\/vente-materiel\/centrale-risco-agility-4\/","og_site_name":"Boutique Lucas Alarmes","article_modified_time":"2021-02-22T11:19:37+00:00","og_image":[{"width":600,"height":600,"url":"https:\/\/www.lucas-alarmes.com\/boutique\/wp-content\/uploads\/sites\/3\/2021\/02\/Centrale-Risco-Agility-4.png","type":"image\/png"}],"twitter_card":"summary_large_image","schema":{"@context":"https:\/\/schema.org","@graph":[{"@type":"WebPage","@id":"https:\/\/www.lucas-alarmes.com\/boutique\/vente-materiel\/centrale-risco-agility-4\/","url":"https:\/\/www.lucas-alarmes.com\/boutique\/vente-materiel\/centrale-risco-agility-4\/","name":"Centrale Risco AGILITY 4 - Boutique Lucas Alarmes","isPartOf":{"@id":"https:\/\/www.lucas-alarmes.com\/boutique\/#website"},"primaryImageOfPage":{"@id":"https:\/\/www.lucas-alarmes.com\/boutique\/vente-materiel\/centrale-risco-agility-4\/#primaryimage"},"image":{"@id":"https:\/\/www.lucas-alarmes.com\/boutique\/vente-materiel\/centrale-risco-agility-4\/#primaryimage"},"thumbnailUrl":"https:\/\/www.lucas-alarmes.com\/boutique\/wp-content\/uploads\/sites\/3\/2021\/02\/Centrale-Risco-Agility-4.png","datePublished":"2021-02-22T11:19:26+00:00","dateModified":"2021-02-22T11:19:37+00:00","breadcrumb":{"@id":"https:\/\/www.lucas-alarmes.com\/boutique\/vente-materiel\/centrale-risco-agility-4\/#breadcrumb"},"inLanguage":"fr-FR","potentialAction":[{"@type":"ReadAction","target":["https:\/\/www.lucas-alarmes.com\/boutique\/vente-materiel\/centrale-risco-agility-4\/"]}]},{"@type":"ImageObject","inLanguage":"fr-FR","@id":"https:\/\/www.lucas-alarmes.com\/boutique\/vente-materiel\/centrale-risco-agility-4\/#primaryimage","url":"https:\/\/www.lucas-alarmes.com\/boutique\/wp-content\/uploads\/sites\/3\/2021\/02\/Centrale-Risco-Agility-4.png","contentUrl":"https:\/\/www.lucas-alarmes.com\/boutique\/wp-content\/uploads\/sites\/3\/2021\/02\/Centrale-Risco-Agility-4.png","width":600,"height":600},{"@type":"BreadcrumbList","@id":"https:\/\/www.lucas-alarmes.com\/boutique\/vente-materiel\/centrale-risco-agility-4\/#breadcrumb","itemListElement":[{"@type":"ListItem","position":1,"name":"Accueil","item":"https:\/\/www.lucas-alarmes.com\/boutique\/"},{"@type":"ListItem","position":2,"name":"Shop","item":"https:\/\/www.lucas-alarmes.com\/boutique\/shop\/"},{"@type":"ListItem","position":3,"name":"Centrale Risco AGILITY 4"}]},{"@type":"WebSite","@id":"https:\/\/www.lucas-alarmes.com\/boutique\/#website","url":"https:\/\/www.lucas-alarmes.com\/boutique\/","name":"Boutique Lucas Alarmes","description":"Le Sp\u00e9cialiste de l&#039;alarme sans fil","potentialAction":[{"@type":"SearchAction","target":{"@type":"EntryPoint","urlTemplate":"https:\/\/www.lucas-alarmes.com\/boutique\/?s={search_term_string}"},"query-input":{"@type":"PropertyValueSpecification","valueRequired":true,"valueName":"search_term_string"}}],"inLanguage":"fr-FR"}]}},"_links":{"self":[{"href":"https:\/\/www.lucas-alarmes.com\/boutique\/wp-json\/wp\/v2\/product\/5189","targetHints":{"allow":["GET"]}}],"collection":[{"href":"https:\/\/www.lucas-alarmes.com\/boutique\/wp-json\/wp\/v2\/product"}],"about":[{"href":"https:\/\/www.lucas-alarmes.com\/boutique\/wp-json\/wp\/v2\/types\/product"}],"replies":[{"embeddable":true,"href":"https:\/\/www.lucas-alarmes.com\/boutique\/wp-json\/wp\/v2\/comments?post=5189"}],"wp:featuredmedia":[{"embeddable":true,"href":"https:\/\/www.lucas-alarmes.com\/boutique\/wp-json\/wp\/v2\/media\/5190"}],"wp:attachment":[{"href":"https:\/\/www.lucas-alarmes.com\/boutique\/wp-json\/wp\/v2\/media?parent=5189"}],"wp:term":[{"taxonomy":"product_brand","embeddable":true,"href":"https:\/\/www.lucas-alarmes.com\/boutique\/wp-json\/wp\/v2\/product_brand?post=5189"},{"taxonomy":"product_cat","embeddable":true,"href":"https:\/\/www.lucas-alarmes.com\/boutique\/wp-json\/wp\/v2\/product_cat?post=5189"},{"taxonomy":"product_tag","embeddable":true,"href":"https:\/\/www.lucas-alarmes.com\/boutique\/wp-json\/wp\/v2\/product_tag?post=5189"}],"curies":[{"name":"wp","href":"https:\/\/api.w.org\/{rel}","templated":true}]}}