{"id":4894,"date":"2015-05-12T10:47:16","date_gmt":"2015-05-12T09:47:16","guid":{"rendered":"http:\/\/www.lucas-alarmes.com\/boutique\/vente-materiel\/pile-lithium-9v-saft\/"},"modified":"2015-05-26T08:02:34","modified_gmt":"2015-05-26T07:02:34","slug":"pile-lithium-9v-saft","status":"publish","type":"product","link":"https:\/\/www.lucas-alarmes.com\/boutique\/vente-materiel\/pile-lithium-9v-saft\/","title":{"rendered":"Pile lithium 9V SAFT"},"content":{"rendered":"<div class=\"wpb-content-wrapper\"><p>[vc_row][vc_column width=\u00a0\u00bb1\/2&Prime;][vc_column_text]<\/p>\n<ul>\n<li>Mod\u00e8le : <strong>LS 9V<\/strong><\/li>\n<li>R\u00e9f\u00e9rence :\u00a0<strong>3 x LS14250 en s\u00e9rie<br \/>\n<\/strong><\/li>\n<li>Tension : <strong>9 V<\/strong><\/li>\n<li>Type : <strong>Lithium Chlorure de Thionyl (LiSOCl\u00b2)<\/strong><\/li>\n<\/ul>\n<p>[\/vc_column_text][\/vc_column][vc_column width=\u00a0\u00bb1\/2&Prime;][vc_column_text]<\/p>\n<ul>\n<li>Forme : <strong>Rectangulaire<\/strong><\/li>\n<li>Hauteur : <strong>48.6 mm<\/strong><\/li>\n<li>Largeur : <strong>26.3 mm<\/strong><\/li>\n<li>Profondeur : <strong>15.95 mm<\/strong><\/li>\n<li>Poids :<strong> 29 g<\/strong><\/li>\n<\/ul>\n<p>[\/vc_column_text][\/vc_column][\/vc_row]<\/p>\n<\/div>","protected":false},"excerpt":{"rendered":"<p><strong>Pile lithium LS 9V<br \/>\n<\/strong><\/p>\n<div class=\"productinfo-show-discounts\">\n<ul>\n<li>-20% de r\u00e9duction \u00e0 partir de 5 piles<\/li>\n<li>-25% de r\u00e9duction \u00e0 partir de 10 piles<\/li>\n<\/ul>\n<\/div>\n","protected":false},"featured_media":4895,"comment_status":"open","ping_status":"closed","template":"","meta":[],"product_brand":[],"product_cat":[85],"product_tag":[98],"class_list":{"0":"post-4894","1":"product","2":"type-product","3":"status-publish","4":"has-post-thumbnail","6":"product_cat-piles","7":"product_tag-climax","9":"first","10":"instock","11":"taxable","12":"shipping-taxable","13":"purchasable","14":"product-type-simple"},"yoast_head":"<!-- This site is optimized with the Yoast SEO plugin v24.4 - https:\/\/yoast.com\/wordpress\/plugins\/seo\/ -->\n<title>Pile lithium 9V SAFT - Boutique Lucas Alarmes<\/title>\n<meta name=\"robots\" content=\"index, follow, max-snippet:-1, max-image-preview:large, max-video-preview:-1\" \/>\n<link rel=\"canonical\" href=\"https:\/\/www.lucas-alarmes.com\/boutique\/vente-materiel\/pile-lithium-9v-saft\/\" \/>\n<meta property=\"og:locale\" content=\"fr_FR\" \/>\n<meta property=\"og:type\" content=\"article\" \/>\n<meta property=\"og:title\" content=\"Pile lithium 9V SAFT - Boutique Lucas Alarmes\" \/>\n<meta property=\"og:description\" content=\"Pile lithium LS 9V     -20% de r\u00e9duction \u00e0 partir de 5 piles  -25% de r\u00e9duction \u00e0 partir de 10 piles\" \/>\n<meta property=\"og:url\" content=\"https:\/\/www.lucas-alarmes.com\/boutique\/vente-materiel\/pile-lithium-9v-saft\/\" \/>\n<meta property=\"og:site_name\" content=\"Boutique Lucas Alarmes\" \/>\n<meta property=\"article:modified_time\" content=\"2015-05-26T07:02:34+00:00\" \/>\n<meta property=\"og:image\" content=\"https:\/\/www.lucas-alarmes.com\/boutique\/wp-content\/uploads\/sites\/3\/2015\/05\/pilelithiumsaft9V.jpg\" \/>\n\t<meta property=\"og:image:width\" content=\"568\" \/>\n\t<meta property=\"og:image:height\" content=\"568\" \/>\n\t<meta property=\"og:image:type\" content=\"image\/jpeg\" \/>\n<meta name=\"twitter:card\" content=\"summary_large_image\" \/>\n<script type=\"application\/ld+json\" class=\"yoast-schema-graph\">{\"@context\":\"https:\/\/schema.org\",\"@graph\":[{\"@type\":\"WebPage\",\"@id\":\"https:\/\/www.lucas-alarmes.com\/boutique\/vente-materiel\/pile-lithium-9v-saft\/\",\"url\":\"https:\/\/www.lucas-alarmes.com\/boutique\/vente-materiel\/pile-lithium-9v-saft\/\",\"name\":\"Pile lithium 9V SAFT - Boutique Lucas Alarmes\",\"isPartOf\":{\"@id\":\"https:\/\/www.lucas-alarmes.com\/boutique\/#website\"},\"primaryImageOfPage\":{\"@id\":\"https:\/\/www.lucas-alarmes.com\/boutique\/vente-materiel\/pile-lithium-9v-saft\/#primaryimage\"},\"image\":{\"@id\":\"https:\/\/www.lucas-alarmes.com\/boutique\/vente-materiel\/pile-lithium-9v-saft\/#primaryimage\"},\"thumbnailUrl\":\"https:\/\/www.lucas-alarmes.com\/boutique\/wp-content\/uploads\/sites\/3\/2015\/05\/pilelithiumsaft9V.jpg\",\"datePublished\":\"2015-05-12T09:47:16+00:00\",\"dateModified\":\"2015-05-26T07:02:34+00:00\",\"breadcrumb\":{\"@id\":\"https:\/\/www.lucas-alarmes.com\/boutique\/vente-materiel\/pile-lithium-9v-saft\/#breadcrumb\"},\"inLanguage\":\"fr-FR\",\"potentialAction\":[{\"@type\":\"ReadAction\",\"target\":[\"https:\/\/www.lucas-alarmes.com\/boutique\/vente-materiel\/pile-lithium-9v-saft\/\"]}]},{\"@type\":\"ImageObject\",\"inLanguage\":\"fr-FR\",\"@id\":\"https:\/\/www.lucas-alarmes.com\/boutique\/vente-materiel\/pile-lithium-9v-saft\/#primaryimage\",\"url\":\"https:\/\/www.lucas-alarmes.com\/boutique\/wp-content\/uploads\/sites\/3\/2015\/05\/pilelithiumsaft9V.jpg\",\"contentUrl\":\"https:\/\/www.lucas-alarmes.com\/boutique\/wp-content\/uploads\/sites\/3\/2015\/05\/pilelithiumsaft9V.jpg\",\"width\":568,\"height\":568},{\"@type\":\"BreadcrumbList\",\"@id\":\"https:\/\/www.lucas-alarmes.com\/boutique\/vente-materiel\/pile-lithium-9v-saft\/#breadcrumb\",\"itemListElement\":[{\"@type\":\"ListItem\",\"position\":1,\"name\":\"Accueil\",\"item\":\"https:\/\/www.lucas-alarmes.com\/boutique\/\"},{\"@type\":\"ListItem\",\"position\":2,\"name\":\"Shop\",\"item\":\"https:\/\/www.lucas-alarmes.com\/boutique\/shop\/\"},{\"@type\":\"ListItem\",\"position\":3,\"name\":\"Pile lithium 9V SAFT\"}]},{\"@type\":\"WebSite\",\"@id\":\"https:\/\/www.lucas-alarmes.com\/boutique\/#website\",\"url\":\"https:\/\/www.lucas-alarmes.com\/boutique\/\",\"name\":\"Boutique Lucas Alarmes\",\"description\":\"Le Sp\u00e9cialiste de l&#039;alarme sans fil\",\"potentialAction\":[{\"@type\":\"SearchAction\",\"target\":{\"@type\":\"EntryPoint\",\"urlTemplate\":\"https:\/\/www.lucas-alarmes.com\/boutique\/?s={search_term_string}\"},\"query-input\":{\"@type\":\"PropertyValueSpecification\",\"valueRequired\":true,\"valueName\":\"search_term_string\"}}],\"inLanguage\":\"fr-FR\"}]}<\/script>\n<!-- \/ Yoast SEO plugin. -->","yoast_head_json":{"title":"Pile lithium 9V SAFT - Boutique Lucas Alarmes","robots":{"index":"index","follow":"follow","max-snippet":"max-snippet:-1","max-image-preview":"max-image-preview:large","max-video-preview":"max-video-preview:-1"},"canonical":"https:\/\/www.lucas-alarmes.com\/boutique\/vente-materiel\/pile-lithium-9v-saft\/","og_locale":"fr_FR","og_type":"article","og_title":"Pile lithium 9V SAFT - Boutique Lucas Alarmes","og_description":"Pile lithium LS 9V     -20% de r\u00e9duction \u00e0 partir de 5 piles  -25% de r\u00e9duction \u00e0 partir de 10 piles","og_url":"https:\/\/www.lucas-alarmes.com\/boutique\/vente-materiel\/pile-lithium-9v-saft\/","og_site_name":"Boutique Lucas Alarmes","article_modified_time":"2015-05-26T07:02:34+00:00","og_image":[{"width":568,"height":568,"url":"https:\/\/www.lucas-alarmes.com\/boutique\/wp-content\/uploads\/sites\/3\/2015\/05\/pilelithiumsaft9V.jpg","type":"image\/jpeg"}],"twitter_card":"summary_large_image","schema":{"@context":"https:\/\/schema.org","@graph":[{"@type":"WebPage","@id":"https:\/\/www.lucas-alarmes.com\/boutique\/vente-materiel\/pile-lithium-9v-saft\/","url":"https:\/\/www.lucas-alarmes.com\/boutique\/vente-materiel\/pile-lithium-9v-saft\/","name":"Pile lithium 9V SAFT - Boutique Lucas Alarmes","isPartOf":{"@id":"https:\/\/www.lucas-alarmes.com\/boutique\/#website"},"primaryImageOfPage":{"@id":"https:\/\/www.lucas-alarmes.com\/boutique\/vente-materiel\/pile-lithium-9v-saft\/#primaryimage"},"image":{"@id":"https:\/\/www.lucas-alarmes.com\/boutique\/vente-materiel\/pile-lithium-9v-saft\/#primaryimage"},"thumbnailUrl":"https:\/\/www.lucas-alarmes.com\/boutique\/wp-content\/uploads\/sites\/3\/2015\/05\/pilelithiumsaft9V.jpg","datePublished":"2015-05-12T09:47:16+00:00","dateModified":"2015-05-26T07:02:34+00:00","breadcrumb":{"@id":"https:\/\/www.lucas-alarmes.com\/boutique\/vente-materiel\/pile-lithium-9v-saft\/#breadcrumb"},"inLanguage":"fr-FR","potentialAction":[{"@type":"ReadAction","target":["https:\/\/www.lucas-alarmes.com\/boutique\/vente-materiel\/pile-lithium-9v-saft\/"]}]},{"@type":"ImageObject","inLanguage":"fr-FR","@id":"https:\/\/www.lucas-alarmes.com\/boutique\/vente-materiel\/pile-lithium-9v-saft\/#primaryimage","url":"https:\/\/www.lucas-alarmes.com\/boutique\/wp-content\/uploads\/sites\/3\/2015\/05\/pilelithiumsaft9V.jpg","contentUrl":"https:\/\/www.lucas-alarmes.com\/boutique\/wp-content\/uploads\/sites\/3\/2015\/05\/pilelithiumsaft9V.jpg","width":568,"height":568},{"@type":"BreadcrumbList","@id":"https:\/\/www.lucas-alarmes.com\/boutique\/vente-materiel\/pile-lithium-9v-saft\/#breadcrumb","itemListElement":[{"@type":"ListItem","position":1,"name":"Accueil","item":"https:\/\/www.lucas-alarmes.com\/boutique\/"},{"@type":"ListItem","position":2,"name":"Shop","item":"https:\/\/www.lucas-alarmes.com\/boutique\/shop\/"},{"@type":"ListItem","position":3,"name":"Pile lithium 9V SAFT"}]},{"@type":"WebSite","@id":"https:\/\/www.lucas-alarmes.com\/boutique\/#website","url":"https:\/\/www.lucas-alarmes.com\/boutique\/","name":"Boutique Lucas Alarmes","description":"Le Sp\u00e9cialiste de l&#039;alarme sans fil","potentialAction":[{"@type":"SearchAction","target":{"@type":"EntryPoint","urlTemplate":"https:\/\/www.lucas-alarmes.com\/boutique\/?s={search_term_string}"},"query-input":{"@type":"PropertyValueSpecification","valueRequired":true,"valueName":"search_term_string"}}],"inLanguage":"fr-FR"}]}},"_links":{"self":[{"href":"https:\/\/www.lucas-alarmes.com\/boutique\/wp-json\/wp\/v2\/product\/4894","targetHints":{"allow":["GET"]}}],"collection":[{"href":"https:\/\/www.lucas-alarmes.com\/boutique\/wp-json\/wp\/v2\/product"}],"about":[{"href":"https:\/\/www.lucas-alarmes.com\/boutique\/wp-json\/wp\/v2\/types\/product"}],"replies":[{"embeddable":true,"href":"https:\/\/www.lucas-alarmes.com\/boutique\/wp-json\/wp\/v2\/comments?post=4894"}],"wp:featuredmedia":[{"embeddable":true,"href":"https:\/\/www.lucas-alarmes.com\/boutique\/wp-json\/wp\/v2\/media\/4895"}],"wp:attachment":[{"href":"https:\/\/www.lucas-alarmes.com\/boutique\/wp-json\/wp\/v2\/media?parent=4894"}],"wp:term":[{"taxonomy":"product_brand","embeddable":true,"href":"https:\/\/www.lucas-alarmes.com\/boutique\/wp-json\/wp\/v2\/product_brand?post=4894"},{"taxonomy":"product_cat","embeddable":true,"href":"https:\/\/www.lucas-alarmes.com\/boutique\/wp-json\/wp\/v2\/product_cat?post=4894"},{"taxonomy":"product_tag","embeddable":true,"href":"https:\/\/www.lucas-alarmes.com\/boutique\/wp-json\/wp\/v2\/product_tag?post=4894"}],"curies":[{"name":"wp","href":"https:\/\/api.w.org\/{rel}","templated":true}]}}