{"id":4707,"date":"2015-03-10T10:01:26","date_gmt":"2015-03-10T09:01:26","guid":{"rendered":"http:\/\/www.lucas-alarmes.com\/boutique\/shop\/detecteur-ouverture-dc\/"},"modified":"2025-03-27T12:38:14","modified_gmt":"2025-03-27T11:38:14","slug":"detecteur-ouverture-dc","status":"publish","type":"product","link":"https:\/\/www.lucas-alarmes.com\/boutique\/vente-materiel\/detecteur-ouverture-dc\/","title":{"rendered":"D\u00e9tecteur d&rsquo;ouverture DC Compatible EDEN HA2000"},"content":{"rendered":"<div class=\"wpb-content-wrapper\"><p>[vc_row][vc_column width=\u00a0\u00bb1\/2&Prime;][vc_column_text]<\/p>\n<p style=\"text-align: justify;\">Une protection p\u00e9rim\u00e9trique totale vous permet d&rsquo;activer votre syst\u00e8me d&rsquo;alarme durant votre sommeil (activation de l&rsquo;alarme en mode partiel : radars d\u00e9sactiv\u00e9s).<\/p>\n<p style=\"text-align: justify;\"><strong>Description<\/strong><\/p>\n<p style=\"text-align: justify;\">Le d\u00e9tecteur d&rsquo;ouverture DC est constitu\u00e9 de 2 parties :<\/p>\n<ul style=\"text-align: justify;\">\n<li>un bo\u00eetier \u00e9metteur avec fermeture par vis<\/li>\n<li>un aimant avec patte de fixation<\/li>\n<\/ul>\n<p style=\"text-align: justify;\"><strong>Fonctionnement<\/strong><br \/>\nL&rsquo;\u00e9metteur est \u00e0 fixer sur le chambranle (partie fixe).<br \/>\nL&rsquo;aimant est \u00e0 fixer sur l&rsquo;ouvrant (partie mobile) en vis-\u00e0-vis de l&rsquo;\u00e9metteur.<br \/>\nEn cas d&rsquo;ouverture, l&rsquo;aimant s&rsquo;\u00e9loigne du bo\u00eetier \u00e9metteur qui envoie alors instantan\u00e9ment l&rsquo;information \u00e0 la centrale : les sir\u00e8nes se mettent \u00e0 hurler.<\/p>\n<p>[\/vc_column_text][\/vc_column][vc_column width=\u00a0\u00bb1\/2&Prime;][vc_column_text]<\/p>\n<p style=\"text-align: justify;\"><strong>Raccordements<\/strong><br \/>\nLe bo\u00eetier \u00e9metteur dispose d&rsquo;un bornier interne pouvant recevoir des contacts filaires optionnels (contact filaire pour baie vitr\u00e9e coulissante, contact filaire pour volet battant ou roulant ou porte de garage enroulable).<\/p>\n<p style=\"text-align: justify;\"><strong>Autoprotection<\/strong><br \/>\nL&rsquo;alarme se d\u00e9clenche en cas d&rsquo;ouverture du bo\u00eetier de l&rsquo;\u00e9metteur ou en cas d&rsquo;arrachement de l&rsquo;\u00e9metteur.<\/p>\n<p style=\"text-align: justify;\"><strong>Alerte<\/strong><br \/>\nLa LED de visualisation de l&rsquo;\u00e9metteur s&rsquo;illumine en cas de d\u00e9faut d&rsquo;autoprotection ou si les piles sont trop faibles.<\/p>\n<p style=\"text-align: justify;\"><strong>Conseil<\/strong><br \/>\nPour une protection optimale de votre habitation, installez un d\u00e9tecteur DC sur chacune de vos ouvertures (portes et fen\u00eatres).<\/p>\n<p>[\/vc_column_text][\/vc_column][\/vc_row][vc_row][vc_column width=\u00a0\u00bb1\/2&Prime;][vc_column_text]<\/p>\n<p style=\"text-align: right;\"><em>Livr\u00e9 avec notice, piles et accessoires de fixation.<br \/>\n<strong>Mat\u00e9riel garanti 5 ans<\/strong><\/em><\/p>\n<p>[\/vc_column_text][\/vc_column][vc_column width=\u00a0\u00bb1\/2&Prime;][vc_button2 title=\u00a0\u00bbT\u00e9l\u00e9charger le manuel d&rsquo;utilisation simplifi\u00e9 du d\u00e9tecteur DC\u00a0\u00bb align=\u00a0\u00bbleft\u00a0\u00bb style=\u00a0\u00bbrounded\u00a0\u00bb color=\u00a0\u00bbgrey\u00a0\u00bb size=\u00a0\u00bbmd\u00a0\u00bb link=\u00a0\u00bburl:http%3A%2F%2Fwww.lucas-alarmes.com\/boutique%2Fwp-content%2Fuploads%2F2014%2F01%2FMIR_DC7_sur_C902.pdf|title:T%C3%A9l%C3%A9charger%20le%20manuel%20d&rsquo;utilisation%20simplifi%C3%A9%20du%20detecteur%20DC|target:%20_blank\u00a0\u00bb][vc_button2 title=\u00a0\u00bbT\u00e9l\u00e9charger le manuel d&rsquo;utilisation d\u00e9taill\u00e9 du d\u00e9tecteur DC\u00a0\u00bb align=\u00a0\u00bbleft\u00a0\u00bb style=\u00a0\u00bbrounded\u00a0\u00bb color=\u00a0\u00bbgrey\u00a0\u00bb size=\u00a0\u00bbmd\u00a0\u00bb link=\u00a0\u00bburl:http%3A%2F%2Fwww.lucas-alarmes.com\/boutique%2Fwp-content%2Fuploads%2F2014%2F01%2FDC7_manuel.pdf|title:T%C3%A9l%C3%A9charger%20le%20manuel%20d&rsquo;utilisation%20du%20detecteur%20DC|target:%20_blank\u00a0\u00bb][\/vc_column][\/vc_row]<\/p>\n<\/div>","protected":false},"excerpt":{"rendered":"<p><strong>Discrets, robustes et polyvalents, les d\u00e9tecteurs d&rsquo;ouverture DC sont id\u00e9als pour prot\u00e9ger les diff\u00e9rentes issues de votre habitation : portes, fen\u00eatres, baies coulissantes, volets battants ou roulants, portes basculantes, velux\u2026 Ils assurent ainsi une protection p\u00e9rim\u00e9trique de votre domicile.<\/strong><\/p>\n<p><strong>C&rsquo;est un produit compatible avec la marque Eden vendu par le Roy Merlin.<\/strong><\/p>\n","protected":false},"featured_media":5360,"comment_status":"open","ping_status":"closed","template":"","meta":[],"product_brand":[],"product_cat":[83,99],"product_tag":[98],"class_list":{"0":"post-4707","1":"product","2":"type-product","3":"status-publish","4":"has-post-thumbnail","6":"product_cat-detecteurs-sans-fil-climax","7":"product_cat-gamme-climax","8":"product_tag-climax","10":"first","11":"instock","12":"taxable","13":"shipping-taxable","14":"purchasable","15":"product-type-simple"},"yoast_head":"<!-- This site is optimized with the Yoast SEO plugin v24.4 - https:\/\/yoast.com\/wordpress\/plugins\/seo\/ -->\n<title>D\u00e9tecteur d&#039;ouverture DC Compatible EDEN HA2000 - Boutique Lucas Alarmes<\/title>\n<meta name=\"robots\" content=\"index, follow, max-snippet:-1, max-image-preview:large, max-video-preview:-1\" \/>\n<link rel=\"canonical\" href=\"https:\/\/www.lucas-alarmes.com\/boutique\/vente-materiel\/detecteur-ouverture-dc\/\" \/>\n<meta property=\"og:locale\" content=\"fr_FR\" \/>\n<meta property=\"og:type\" content=\"article\" \/>\n<meta property=\"og:title\" content=\"D\u00e9tecteur d&#039;ouverture DC Compatible EDEN HA2000 - Boutique Lucas Alarmes\" \/>\n<meta property=\"og:description\" content=\"Discrets, robustes et polyvalents, les d\u00e9tecteurs d&#039;ouverture DC sont id\u00e9als pour prot\u00e9ger les diff\u00e9rentes issues de votre habitation : portes, fen\u00eatres, baies coulissantes, volets battants ou roulants, portes basculantes, velux\u2026 Ils assurent ainsi une protection p\u00e9rim\u00e9trique de votre domicile.  C&#039;est un produit compatible avec la marque Eden vendu par le Roy Merlin.\" \/>\n<meta property=\"og:url\" content=\"https:\/\/www.lucas-alarmes.com\/boutique\/vente-materiel\/detecteur-ouverture-dc\/\" \/>\n<meta property=\"og:site_name\" content=\"Boutique Lucas Alarmes\" \/>\n<meta property=\"article:modified_time\" content=\"2025-03-27T11:38:14+00:00\" \/>\n<meta property=\"og:image\" content=\"https:\/\/www.lucas-alarmes.com\/boutique\/wp-content\/uploads\/sites\/3\/2015\/03\/image00005-scaled.jpeg\" \/>\n\t<meta property=\"og:image:width\" content=\"2560\" \/>\n\t<meta property=\"og:image:height\" content=\"2560\" \/>\n\t<meta property=\"og:image:type\" content=\"image\/jpeg\" \/>\n<meta name=\"twitter:card\" content=\"summary_large_image\" \/>\n<meta name=\"twitter:label1\" content=\"Dur\u00e9e de lecture estim\u00e9e\" \/>\n\t<meta name=\"twitter:data1\" content=\"2 minutes\" \/>\n<script type=\"application\/ld+json\" class=\"yoast-schema-graph\">{\"@context\":\"https:\/\/schema.org\",\"@graph\":[{\"@type\":\"WebPage\",\"@id\":\"https:\/\/www.lucas-alarmes.com\/boutique\/vente-materiel\/detecteur-ouverture-dc\/\",\"url\":\"https:\/\/www.lucas-alarmes.com\/boutique\/vente-materiel\/detecteur-ouverture-dc\/\",\"name\":\"D\u00e9tecteur d'ouverture DC Compatible EDEN HA2000 - Boutique Lucas Alarmes\",\"isPartOf\":{\"@id\":\"https:\/\/www.lucas-alarmes.com\/boutique\/#website\"},\"primaryImageOfPage\":{\"@id\":\"https:\/\/www.lucas-alarmes.com\/boutique\/vente-materiel\/detecteur-ouverture-dc\/#primaryimage\"},\"image\":{\"@id\":\"https:\/\/www.lucas-alarmes.com\/boutique\/vente-materiel\/detecteur-ouverture-dc\/#primaryimage\"},\"thumbnailUrl\":\"https:\/\/www.lucas-alarmes.com\/boutique\/wp-content\/uploads\/sites\/3\/2015\/03\/image00005-scaled.jpeg\",\"datePublished\":\"2015-03-10T09:01:26+00:00\",\"dateModified\":\"2025-03-27T11:38:14+00:00\",\"breadcrumb\":{\"@id\":\"https:\/\/www.lucas-alarmes.com\/boutique\/vente-materiel\/detecteur-ouverture-dc\/#breadcrumb\"},\"inLanguage\":\"fr-FR\",\"potentialAction\":[{\"@type\":\"ReadAction\",\"target\":[\"https:\/\/www.lucas-alarmes.com\/boutique\/vente-materiel\/detecteur-ouverture-dc\/\"]}]},{\"@type\":\"ImageObject\",\"inLanguage\":\"fr-FR\",\"@id\":\"https:\/\/www.lucas-alarmes.com\/boutique\/vente-materiel\/detecteur-ouverture-dc\/#primaryimage\",\"url\":\"https:\/\/www.lucas-alarmes.com\/boutique\/wp-content\/uploads\/sites\/3\/2015\/03\/image00005-scaled.jpeg\",\"contentUrl\":\"https:\/\/www.lucas-alarmes.com\/boutique\/wp-content\/uploads\/sites\/3\/2015\/03\/image00005-scaled.jpeg\",\"width\":2560,\"height\":2560},{\"@type\":\"BreadcrumbList\",\"@id\":\"https:\/\/www.lucas-alarmes.com\/boutique\/vente-materiel\/detecteur-ouverture-dc\/#breadcrumb\",\"itemListElement\":[{\"@type\":\"ListItem\",\"position\":1,\"name\":\"Accueil\",\"item\":\"https:\/\/www.lucas-alarmes.com\/boutique\/\"},{\"@type\":\"ListItem\",\"position\":2,\"name\":\"Shop\",\"item\":\"https:\/\/www.lucas-alarmes.com\/boutique\/shop\/\"},{\"@type\":\"ListItem\",\"position\":3,\"name\":\"D\u00e9tecteur d&rsquo;ouverture DC Compatible EDEN HA2000\"}]},{\"@type\":\"WebSite\",\"@id\":\"https:\/\/www.lucas-alarmes.com\/boutique\/#website\",\"url\":\"https:\/\/www.lucas-alarmes.com\/boutique\/\",\"name\":\"Boutique Lucas Alarmes\",\"description\":\"Le Sp\u00e9cialiste de l&#039;alarme sans fil\",\"potentialAction\":[{\"@type\":\"SearchAction\",\"target\":{\"@type\":\"EntryPoint\",\"urlTemplate\":\"https:\/\/www.lucas-alarmes.com\/boutique\/?s={search_term_string}\"},\"query-input\":{\"@type\":\"PropertyValueSpecification\",\"valueRequired\":true,\"valueName\":\"search_term_string\"}}],\"inLanguage\":\"fr-FR\"}]}<\/script>\n<!-- \/ Yoast SEO plugin. -->","yoast_head_json":{"title":"D\u00e9tecteur d'ouverture DC Compatible EDEN HA2000 - Boutique Lucas Alarmes","robots":{"index":"index","follow":"follow","max-snippet":"max-snippet:-1","max-image-preview":"max-image-preview:large","max-video-preview":"max-video-preview:-1"},"canonical":"https:\/\/www.lucas-alarmes.com\/boutique\/vente-materiel\/detecteur-ouverture-dc\/","og_locale":"fr_FR","og_type":"article","og_title":"D\u00e9tecteur d'ouverture DC Compatible EDEN HA2000 - Boutique Lucas Alarmes","og_description":"Discrets, robustes et polyvalents, les d\u00e9tecteurs d'ouverture DC sont id\u00e9als pour prot\u00e9ger les diff\u00e9rentes issues de votre habitation : portes, fen\u00eatres, baies coulissantes, volets battants ou roulants, portes basculantes, velux\u2026 Ils assurent ainsi une protection p\u00e9rim\u00e9trique de votre domicile.  C'est un produit compatible avec la marque Eden vendu par le Roy Merlin.","og_url":"https:\/\/www.lucas-alarmes.com\/boutique\/vente-materiel\/detecteur-ouverture-dc\/","og_site_name":"Boutique Lucas Alarmes","article_modified_time":"2025-03-27T11:38:14+00:00","og_image":[{"width":2560,"height":2560,"url":"https:\/\/www.lucas-alarmes.com\/boutique\/wp-content\/uploads\/sites\/3\/2015\/03\/image00005-scaled.jpeg","type":"image\/jpeg"}],"twitter_card":"summary_large_image","twitter_misc":{"Dur\u00e9e de lecture estim\u00e9e":"2 minutes"},"schema":{"@context":"https:\/\/schema.org","@graph":[{"@type":"WebPage","@id":"https:\/\/www.lucas-alarmes.com\/boutique\/vente-materiel\/detecteur-ouverture-dc\/","url":"https:\/\/www.lucas-alarmes.com\/boutique\/vente-materiel\/detecteur-ouverture-dc\/","name":"D\u00e9tecteur d'ouverture DC Compatible EDEN HA2000 - Boutique Lucas Alarmes","isPartOf":{"@id":"https:\/\/www.lucas-alarmes.com\/boutique\/#website"},"primaryImageOfPage":{"@id":"https:\/\/www.lucas-alarmes.com\/boutique\/vente-materiel\/detecteur-ouverture-dc\/#primaryimage"},"image":{"@id":"https:\/\/www.lucas-alarmes.com\/boutique\/vente-materiel\/detecteur-ouverture-dc\/#primaryimage"},"thumbnailUrl":"https:\/\/www.lucas-alarmes.com\/boutique\/wp-content\/uploads\/sites\/3\/2015\/03\/image00005-scaled.jpeg","datePublished":"2015-03-10T09:01:26+00:00","dateModified":"2025-03-27T11:38:14+00:00","breadcrumb":{"@id":"https:\/\/www.lucas-alarmes.com\/boutique\/vente-materiel\/detecteur-ouverture-dc\/#breadcrumb"},"inLanguage":"fr-FR","potentialAction":[{"@type":"ReadAction","target":["https:\/\/www.lucas-alarmes.com\/boutique\/vente-materiel\/detecteur-ouverture-dc\/"]}]},{"@type":"ImageObject","inLanguage":"fr-FR","@id":"https:\/\/www.lucas-alarmes.com\/boutique\/vente-materiel\/detecteur-ouverture-dc\/#primaryimage","url":"https:\/\/www.lucas-alarmes.com\/boutique\/wp-content\/uploads\/sites\/3\/2015\/03\/image00005-scaled.jpeg","contentUrl":"https:\/\/www.lucas-alarmes.com\/boutique\/wp-content\/uploads\/sites\/3\/2015\/03\/image00005-scaled.jpeg","width":2560,"height":2560},{"@type":"BreadcrumbList","@id":"https:\/\/www.lucas-alarmes.com\/boutique\/vente-materiel\/detecteur-ouverture-dc\/#breadcrumb","itemListElement":[{"@type":"ListItem","position":1,"name":"Accueil","item":"https:\/\/www.lucas-alarmes.com\/boutique\/"},{"@type":"ListItem","position":2,"name":"Shop","item":"https:\/\/www.lucas-alarmes.com\/boutique\/shop\/"},{"@type":"ListItem","position":3,"name":"D\u00e9tecteur d&rsquo;ouverture DC Compatible EDEN HA2000"}]},{"@type":"WebSite","@id":"https:\/\/www.lucas-alarmes.com\/boutique\/#website","url":"https:\/\/www.lucas-alarmes.com\/boutique\/","name":"Boutique Lucas Alarmes","description":"Le Sp\u00e9cialiste de l&#039;alarme sans fil","potentialAction":[{"@type":"SearchAction","target":{"@type":"EntryPoint","urlTemplate":"https:\/\/www.lucas-alarmes.com\/boutique\/?s={search_term_string}"},"query-input":{"@type":"PropertyValueSpecification","valueRequired":true,"valueName":"search_term_string"}}],"inLanguage":"fr-FR"}]}},"_links":{"self":[{"href":"https:\/\/www.lucas-alarmes.com\/boutique\/wp-json\/wp\/v2\/product\/4707","targetHints":{"allow":["GET"]}}],"collection":[{"href":"https:\/\/www.lucas-alarmes.com\/boutique\/wp-json\/wp\/v2\/product"}],"about":[{"href":"https:\/\/www.lucas-alarmes.com\/boutique\/wp-json\/wp\/v2\/types\/product"}],"replies":[{"embeddable":true,"href":"https:\/\/www.lucas-alarmes.com\/boutique\/wp-json\/wp\/v2\/comments?post=4707"}],"wp:featuredmedia":[{"embeddable":true,"href":"https:\/\/www.lucas-alarmes.com\/boutique\/wp-json\/wp\/v2\/media\/5360"}],"wp:attachment":[{"href":"https:\/\/www.lucas-alarmes.com\/boutique\/wp-json\/wp\/v2\/media?parent=4707"}],"wp:term":[{"taxonomy":"product_brand","embeddable":true,"href":"https:\/\/www.lucas-alarmes.com\/boutique\/wp-json\/wp\/v2\/product_brand?post=4707"},{"taxonomy":"product_cat","embeddable":true,"href":"https:\/\/www.lucas-alarmes.com\/boutique\/wp-json\/wp\/v2\/product_cat?post=4707"},{"taxonomy":"product_tag","embeddable":true,"href":"https:\/\/www.lucas-alarmes.com\/boutique\/wp-json\/wp\/v2\/product_tag?post=4707"}],"curies":[{"name":"wp","href":"https:\/\/api.w.org\/{rel}","templated":true}]}}