{"id":5004,"date":"2015-09-16T09:16:42","date_gmt":"2015-09-16T08:16:42","guid":{"rendered":"http:\/\/www.lucas-alarmes.com\/boutique\/?page_id=5004"},"modified":"2015-09-16T09:46:51","modified_gmt":"2015-09-16T08:46:51","slug":"paiement","status":"publish","type":"page","link":"https:\/\/www.lucas-alarmes.com\/boutique\/paiement\/","title":{"rendered":"Paiement"},"content":{"rendered":"<div class=\"wpb-content-wrapper\"><p>[vc_row full_width=\u00a0\u00bb\u00a0\u00bb parallax=\u00a0\u00bb\u00a0\u00bb parallax_image=\u00a0\u00bb\u00a0\u00bb row_id=\u00a0\u00bb\u00a0\u00bb][vc_column width=\u00a0\u00bb1\/1&Prime;][vc_column_text]<\/p>\n<p style=\"text-align: justify;\"><strong>LUCAS vous propose 2 modes de paiement<\/strong><\/p>\n<h3 style=\"text-align: justify;\">Par ch\u00e8que<\/h3>\n<p style=\"text-align: justify;\">Une commande pay\u00e9e par ch\u00e8que sera trait\u00e9e \u00e0 r\u00e9ception du r\u00e8glement, celui-ci \u00e9tant encaiss\u00e9 imm\u00e9diatement. Les d\u00e9lais de disponibilit\u00e9 comme d\u00a0\u00bbexp\u00e9dition d\u00e9butent \u00e0 partir de la date d&rsquo;enregistrement du moyen de paiement.<\/p>\n<p>Pour les commandes d&rsquo;un montant minimum de 500 \u20ac, vous pouvez choisir le mode de paiement en 3 fois sans frais. Votre commande sera valid\u00e9e \u00e0 r\u00e9ception des 3 ch\u00e8ques et \u00e0 l&rsquo;encaissement du premier ch\u00e8que. Les 2 autres ch\u00e8ques seront encaiss\u00e9s 1 mois et 2 mois plus tard.<\/p>\n<p>Remplissez vos ch\u00e8ques \u00e0 l\u2019ordre de LUCAS ALARMES puis adressez-les accompagn\u00e9s de votre bon de commande \u00e0 : LUCAS ALARMES \u2013 19 rue Villa Oddo \u2013 13015 Marseille.<\/p>\n<h3 style=\"text-align: justify;\">Par carte bancaire<\/h3>\n<p style=\"text-align: justify;\"><strong>Paiement s\u00e9curis\u00e9<\/strong><\/p>\n<p><img loading=\"lazy\" decoding=\"async\" class=\" size-medium wp-image-5010 alignright\" src=\"https:\/\/www.lucas-alarmes.com\/boutique\/wp-content\/uploads\/sites\/3\/2015\/09\/paiement-securise-biolina-300x102.jpg\" alt=\"paiement-securise-biolina\" width=\"300\" height=\"102\" srcset=\"https:\/\/www.lucas-alarmes.com\/boutique\/wp-content\/uploads\/sites\/3\/2015\/09\/paiement-securise-biolina-300x102.jpg 300w, https:\/\/www.lucas-alarmes.com\/boutique\/wp-content\/uploads\/sites\/3\/2015\/09\/paiement-securise-biolina-500x169.jpg 500w, https:\/\/www.lucas-alarmes.com\/boutique\/wp-content\/uploads\/sites\/3\/2015\/09\/paiement-securise-biolina-115x39.jpg 115w, https:\/\/www.lucas-alarmes.com\/boutique\/wp-content\/uploads\/sites\/3\/2015\/09\/paiement-securise-biolina-150x51.jpg 150w, https:\/\/www.lucas-alarmes.com\/boutique\/wp-content\/uploads\/sites\/3\/2015\/09\/paiement-securise-biolina-480x162.jpg 480w, https:\/\/www.lucas-alarmes.com\/boutique\/wp-content\/uploads\/sites\/3\/2015\/09\/paiement-securise-biolina.jpg 650w\" sizes=\"auto, (max-width:767px) 300px, 300px\" \/><\/p>\n<p style=\"text-align: justify;\">Le paiement s&rsquo;effectue sur le serveur bancaire s\u00e9curis\u00e9 de notre partenaire : La Caisse d\u2019\u00c9pargne. Ceci implique qu\u00a0\u00bbaucune information bancaire vous concernant ne transite via notre site protection-maison.com. Le paiement par carte bancaire est donc parfaitement s\u00e9curis\u00e9 ; votre commande sera ainsi enregistr\u00e9e et valid\u00e9e d\u00e8s l&rsquo;acceptation du paiement par La Caisse d\u2019\u00c9pargne.<\/p>\n<p>Nous vous certifions que les coordonn\u00e9es de cartes de cr\u00e9dit sont crypt\u00e9es gr\u00e2ce au protocole SSL (Secure Soket Layer), et ne transitent jamais en clair sur le r\u00e9seau. Le paiement est directement effectu\u00e9 aupr\u00e8s de La Caisse d&rsquo;\u00c9pargne.[\/vc_column_text][\/vc_column][\/vc_row]<\/p>\n<\/div>","protected":false},"excerpt":{"rendered":"<p>[vc_row full_width=\u00a0\u00bb\u00a0\u00bb parallax=\u00a0\u00bb\u00a0\u00bb parallax_image=\u00a0\u00bb\u00a0\u00bb row_id=\u00a0\u00bb\u00a0\u00bb][vc_column width=\u00a0\u00bb1\/1&Prime;][vc_column_text] LUCAS vous propose 2 modes de paiement Par ch\u00e8que Une commande pay\u00e9e par ch\u00e8que sera trait\u00e9e \u00e0 r\u00e9ception du r\u00e8glement,<span class=\"excerpt-hellip\"> [\u2026]<\/span><\/p>\n","protected":false},"author":1,"featured_media":0,"parent":0,"menu_order":0,"comment_status":"open","ping_status":"open","template":"","meta":{"footnotes":""},"class_list":["post-5004","page","type-page","status-publish","hentry"],"yoast_head":"<!-- This site is optimized with the Yoast SEO plugin v24.4 - https:\/\/yoast.com\/wordpress\/plugins\/seo\/ -->\n<title>Paiement - Boutique Lucas Alarmes<\/title>\n<meta name=\"robots\" content=\"index, follow, max-snippet:-1, max-image-preview:large, max-video-preview:-1\" \/>\n<link rel=\"canonical\" href=\"https:\/\/www.lucas-alarmes.com\/boutique\/paiement\/\" \/>\n<meta property=\"og:locale\" content=\"fr_FR\" \/>\n<meta property=\"og:type\" content=\"article\" \/>\n<meta property=\"og:title\" content=\"Paiement - Boutique Lucas Alarmes\" \/>\n<meta property=\"og:description\" content=\"[vc_row full_width=\u00a0\u00bb\u00a0\u00bb parallax=\u00a0\u00bb\u00a0\u00bb parallax_image=\u00a0\u00bb\u00a0\u00bb row_id=\u00a0\u00bb\u00a0\u00bb][vc_column width=\u00a0\u00bb1\/1&Prime;][vc_column_text] LUCAS vous propose 2 modes de paiement Par ch\u00e8que Une commande pay\u00e9e par ch\u00e8que sera trait\u00e9e \u00e0 r\u00e9ception du r\u00e8glement, [\u2026]\" \/>\n<meta property=\"og:url\" content=\"https:\/\/www.lucas-alarmes.com\/boutique\/paiement\/\" \/>\n<meta property=\"og:site_name\" content=\"Boutique Lucas Alarmes\" \/>\n<meta property=\"article:modified_time\" content=\"2015-09-16T08:46:51+00:00\" \/>\n<meta property=\"og:image\" content=\"http:\/\/www.lucas-alarmes.com\/boutique\/wp-content\/uploads\/sites\/3\/2015\/09\/paiement-securise-biolina-300x102.jpg\" \/>\n<meta name=\"twitter:card\" content=\"summary_large_image\" \/>\n<meta name=\"twitter:label1\" content=\"Dur\u00e9e de lecture estim\u00e9e\" \/>\n\t<meta name=\"twitter:data1\" content=\"1 minute\" \/>\n<script type=\"application\/ld+json\" class=\"yoast-schema-graph\">{\"@context\":\"https:\/\/schema.org\",\"@graph\":[{\"@type\":\"WebPage\",\"@id\":\"https:\/\/www.lucas-alarmes.com\/boutique\/paiement\/\",\"url\":\"https:\/\/www.lucas-alarmes.com\/boutique\/paiement\/\",\"name\":\"Paiement - Boutique Lucas Alarmes\",\"isPartOf\":{\"@id\":\"https:\/\/www.lucas-alarmes.com\/boutique\/#website\"},\"primaryImageOfPage\":{\"@id\":\"https:\/\/www.lucas-alarmes.com\/boutique\/paiement\/#primaryimage\"},\"image\":{\"@id\":\"https:\/\/www.lucas-alarmes.com\/boutique\/paiement\/#primaryimage\"},\"thumbnailUrl\":\"http:\/\/www.lucas-alarmes.com\/boutique\/wp-content\/uploads\/sites\/3\/2015\/09\/paiement-securise-biolina-300x102.jpg\",\"datePublished\":\"2015-09-16T08:16:42+00:00\",\"dateModified\":\"2015-09-16T08:46:51+00:00\",\"breadcrumb\":{\"@id\":\"https:\/\/www.lucas-alarmes.com\/boutique\/paiement\/#breadcrumb\"},\"inLanguage\":\"fr-FR\",\"potentialAction\":[{\"@type\":\"ReadAction\",\"target\":[\"https:\/\/www.lucas-alarmes.com\/boutique\/paiement\/\"]}]},{\"@type\":\"ImageObject\",\"inLanguage\":\"fr-FR\",\"@id\":\"https:\/\/www.lucas-alarmes.com\/boutique\/paiement\/#primaryimage\",\"url\":\"http:\/\/www.lucas-alarmes.com\/boutique\/wp-content\/uploads\/sites\/3\/2015\/09\/paiement-securise-biolina-300x102.jpg\",\"contentUrl\":\"http:\/\/www.lucas-alarmes.com\/boutique\/wp-content\/uploads\/sites\/3\/2015\/09\/paiement-securise-biolina-300x102.jpg\"},{\"@type\":\"BreadcrumbList\",\"@id\":\"https:\/\/www.lucas-alarmes.com\/boutique\/paiement\/#breadcrumb\",\"itemListElement\":[{\"@type\":\"ListItem\",\"position\":1,\"name\":\"Accueil\",\"item\":\"https:\/\/www.lucas-alarmes.com\/boutique\/\"},{\"@type\":\"ListItem\",\"position\":2,\"name\":\"Paiement\"}]},{\"@type\":\"WebSite\",\"@id\":\"https:\/\/www.lucas-alarmes.com\/boutique\/#website\",\"url\":\"https:\/\/www.lucas-alarmes.com\/boutique\/\",\"name\":\"Boutique Lucas Alarmes\",\"description\":\"Le Sp\u00e9cialiste de l&#039;alarme sans fil\",\"potentialAction\":[{\"@type\":\"SearchAction\",\"target\":{\"@type\":\"EntryPoint\",\"urlTemplate\":\"https:\/\/www.lucas-alarmes.com\/boutique\/?s={search_term_string}\"},\"query-input\":{\"@type\":\"PropertyValueSpecification\",\"valueRequired\":true,\"valueName\":\"search_term_string\"}}],\"inLanguage\":\"fr-FR\"}]}<\/script>\n<!-- \/ Yoast SEO plugin. -->","yoast_head_json":{"title":"Paiement - Boutique Lucas Alarmes","robots":{"index":"index","follow":"follow","max-snippet":"max-snippet:-1","max-image-preview":"max-image-preview:large","max-video-preview":"max-video-preview:-1"},"canonical":"https:\/\/www.lucas-alarmes.com\/boutique\/paiement\/","og_locale":"fr_FR","og_type":"article","og_title":"Paiement - Boutique Lucas Alarmes","og_description":"[vc_row full_width=\u00a0\u00bb\u00a0\u00bb parallax=\u00a0\u00bb\u00a0\u00bb parallax_image=\u00a0\u00bb\u00a0\u00bb row_id=\u00a0\u00bb\u00a0\u00bb][vc_column width=\u00a0\u00bb1\/1&Prime;][vc_column_text] LUCAS vous propose 2 modes de paiement Par ch\u00e8que Une commande pay\u00e9e par ch\u00e8que sera trait\u00e9e \u00e0 r\u00e9ception du r\u00e8glement, [\u2026]","og_url":"https:\/\/www.lucas-alarmes.com\/boutique\/paiement\/","og_site_name":"Boutique Lucas Alarmes","article_modified_time":"2015-09-16T08:46:51+00:00","og_image":[{"url":"http:\/\/www.lucas-alarmes.com\/boutique\/wp-content\/uploads\/sites\/3\/2015\/09\/paiement-securise-biolina-300x102.jpg","type":"","width":"","height":""}],"twitter_card":"summary_large_image","twitter_misc":{"Dur\u00e9e de lecture estim\u00e9e":"1 minute"},"schema":{"@context":"https:\/\/schema.org","@graph":[{"@type":"WebPage","@id":"https:\/\/www.lucas-alarmes.com\/boutique\/paiement\/","url":"https:\/\/www.lucas-alarmes.com\/boutique\/paiement\/","name":"Paiement - Boutique Lucas Alarmes","isPartOf":{"@id":"https:\/\/www.lucas-alarmes.com\/boutique\/#website"},"primaryImageOfPage":{"@id":"https:\/\/www.lucas-alarmes.com\/boutique\/paiement\/#primaryimage"},"image":{"@id":"https:\/\/www.lucas-alarmes.com\/boutique\/paiement\/#primaryimage"},"thumbnailUrl":"http:\/\/www.lucas-alarmes.com\/boutique\/wp-content\/uploads\/sites\/3\/2015\/09\/paiement-securise-biolina-300x102.jpg","datePublished":"2015-09-16T08:16:42+00:00","dateModified":"2015-09-16T08:46:51+00:00","breadcrumb":{"@id":"https:\/\/www.lucas-alarmes.com\/boutique\/paiement\/#breadcrumb"},"inLanguage":"fr-FR","potentialAction":[{"@type":"ReadAction","target":["https:\/\/www.lucas-alarmes.com\/boutique\/paiement\/"]}]},{"@type":"ImageObject","inLanguage":"fr-FR","@id":"https:\/\/www.lucas-alarmes.com\/boutique\/paiement\/#primaryimage","url":"http:\/\/www.lucas-alarmes.com\/boutique\/wp-content\/uploads\/sites\/3\/2015\/09\/paiement-securise-biolina-300x102.jpg","contentUrl":"http:\/\/www.lucas-alarmes.com\/boutique\/wp-content\/uploads\/sites\/3\/2015\/09\/paiement-securise-biolina-300x102.jpg"},{"@type":"BreadcrumbList","@id":"https:\/\/www.lucas-alarmes.com\/boutique\/paiement\/#breadcrumb","itemListElement":[{"@type":"ListItem","position":1,"name":"Accueil","item":"https:\/\/www.lucas-alarmes.com\/boutique\/"},{"@type":"ListItem","position":2,"name":"Paiement"}]},{"@type":"WebSite","@id":"https:\/\/www.lucas-alarmes.com\/boutique\/#website","url":"https:\/\/www.lucas-alarmes.com\/boutique\/","name":"Boutique Lucas Alarmes","description":"Le Sp\u00e9cialiste de l&#039;alarme sans fil","potentialAction":[{"@type":"SearchAction","target":{"@type":"EntryPoint","urlTemplate":"https:\/\/www.lucas-alarmes.com\/boutique\/?s={search_term_string}"},"query-input":{"@type":"PropertyValueSpecification","valueRequired":true,"valueName":"search_term_string"}}],"inLanguage":"fr-FR"}]}},"_links":{"self":[{"href":"https:\/\/www.lucas-alarmes.com\/boutique\/wp-json\/wp\/v2\/pages\/5004","targetHints":{"allow":["GET"]}}],"collection":[{"href":"https:\/\/www.lucas-alarmes.com\/boutique\/wp-json\/wp\/v2\/pages"}],"about":[{"href":"https:\/\/www.lucas-alarmes.com\/boutique\/wp-json\/wp\/v2\/types\/page"}],"author":[{"embeddable":true,"href":"https:\/\/www.lucas-alarmes.com\/boutique\/wp-json\/wp\/v2\/users\/1"}],"replies":[{"embeddable":true,"href":"https:\/\/www.lucas-alarmes.com\/boutique\/wp-json\/wp\/v2\/comments?post=5004"}],"version-history":[{"count":8,"href":"https:\/\/www.lucas-alarmes.com\/boutique\/wp-json\/wp\/v2\/pages\/5004\/revisions"}],"predecessor-version":[{"id":5014,"href":"https:\/\/www.lucas-alarmes.com\/boutique\/wp-json\/wp\/v2\/pages\/5004\/revisions\/5014"}],"wp:attachment":[{"href":"https:\/\/www.lucas-alarmes.com\/boutique\/wp-json\/wp\/v2\/media?parent=5004"}],"curies":[{"name":"wp","href":"https:\/\/api.w.org\/{rel}","templated":true}]}}