{"id":4993,"date":"2015-09-16T09:08:31","date_gmt":"2015-09-16T08:08:31","guid":{"rendered":"http:\/\/www.lucas-alarmes.com\/boutique\/?page_id=4993"},"modified":"2015-09-16T09:13:15","modified_gmt":"2015-09-16T08:13:15","slug":"livraison","status":"publish","type":"page","link":"https:\/\/www.lucas-alarmes.com\/boutique\/livraison\/","title":{"rendered":"Livraison"},"content":{"rendered":"<div class=\"wpb-content-wrapper\"><p>[vc_row full_width=\u00a0\u00bb\u00a0\u00bb parallax=\u00a0\u00bb\u00a0\u00bb parallax_image=\u00a0\u00bb\u00a0\u00bb row_id=\u00a0\u00bb\u00a0\u00bb][vc_column width=\u00a0\u00bb1\/1&Prime;][vc_column_text]<a href=\"http:\/\/www.coliposte.net\/colissimo_sanssignature\/pensez-y.htm\" target=\"_blank\"><img loading=\"lazy\" decoding=\"async\" class=\"alignright size-full wp-image-4994\" src=\"https:\/\/www.lucas-alarmes.com\/boutique\/wp-content\/uploads\/sites\/3\/2015\/09\/logo_csuivi.gif\" alt=\"logo_csuivi\" width=\"232\" height=\"149\" srcset=\"https:\/\/www.lucas-alarmes.com\/boutique\/wp-content\/uploads\/sites\/3\/2015\/09\/logo_csuivi.gif 232w, https:\/\/www.lucas-alarmes.com\/boutique\/wp-content\/uploads\/sites\/3\/2015\/09\/logo_csuivi-115x74.gif 115w, https:\/\/www.lucas-alarmes.com\/boutique\/wp-content\/uploads\/sites\/3\/2015\/09\/logo_csuivi-117x75.gif 117w\" sizes=\"auto, (max-width:767px) 232px, 232px\" \/><\/a><strong>Livraison en Colissimo recommand\u00e9<\/strong><\/p>\n<ul>\n<li>Frais d&rsquo;exp\u00e9dition : <strong>2 \u20ac TTC<\/strong><\/li>\n<li><strong>Livraison gratuite<\/strong> \u00e0 partir de 200 \u20ac.<\/li>\n<li>Une <strong>livraison \u00e0 domicile<\/strong> par votre facteur.<\/li>\n<li>Une livraison rapide : <strong>48 heures<\/strong> au d\u00e9part de notre d\u00e9p\u00f4t.<\/li>\n<li>Une livraison <strong>s\u00e9curis\u00e9e<\/strong> : vous signez un accus\u00e9 de r\u00e9ception et vous pouvez refuser le colis en cas de probl\u00e8me.<\/li>\n<\/ul>\n<p>Si vous n&rsquo;\u00eates pas chez vous, vous recevrez un <strong>avis de passage<\/strong> et votre colis vous attendra \u00e0 votre <strong>bureau de poste<\/strong>.<\/p>\n<p>Un <a href=\"http:\/\/www.colissimo.fr\" target=\"_blank\"><strong><span style=\"text-decoration: underline;\">suivi en ligne<\/span><\/strong><\/a> de l&rsquo;acheminement.[\/vc_column_text][\/vc_column][\/vc_row]<\/p>\n<\/div>","protected":false},"excerpt":{"rendered":"<p>[vc_row full_width=\u00a0\u00bb\u00a0\u00bb parallax=\u00a0\u00bb\u00a0\u00bb parallax_image=\u00a0\u00bb\u00a0\u00bb row_id=\u00a0\u00bb\u00a0\u00bb][vc_column width=\u00a0\u00bb1\/1&Prime;][vc_column_text]Livraison en Colissimo recommand\u00e9 Frais d&rsquo;exp\u00e9dition : 2 \u20ac TTC Livraison gratuite \u00e0 partir de 200 \u20ac. Une livraison \u00e0 domicile<span class=\"excerpt-hellip\"> [\u2026]<\/span><\/p>\n","protected":false},"author":1,"featured_media":0,"parent":0,"menu_order":0,"comment_status":"open","ping_status":"open","template":"","meta":{"footnotes":""},"class_list":["post-4993","page","type-page","status-publish","hentry"],"yoast_head":"<!-- This site is optimized with the Yoast SEO plugin v24.4 - https:\/\/yoast.com\/wordpress\/plugins\/seo\/ -->\n<title>Livraison - Boutique Lucas Alarmes<\/title>\n<meta name=\"robots\" content=\"index, follow, max-snippet:-1, max-image-preview:large, max-video-preview:-1\" \/>\n<link rel=\"canonical\" href=\"https:\/\/www.lucas-alarmes.com\/boutique\/livraison\/\" \/>\n<meta property=\"og:locale\" content=\"fr_FR\" \/>\n<meta property=\"og:type\" content=\"article\" \/>\n<meta property=\"og:title\" content=\"Livraison - Boutique Lucas Alarmes\" \/>\n<meta property=\"og:description\" content=\"[vc_row full_width=\u00a0\u00bb\u00a0\u00bb parallax=\u00a0\u00bb\u00a0\u00bb parallax_image=\u00a0\u00bb\u00a0\u00bb row_id=\u00a0\u00bb\u00a0\u00bb][vc_column width=\u00a0\u00bb1\/1&Prime;][vc_column_text]Livraison en Colissimo recommand\u00e9 Frais d&rsquo;exp\u00e9dition : 2 \u20ac TTC Livraison gratuite \u00e0 partir de 200 \u20ac. Une livraison \u00e0 domicile [\u2026]\" \/>\n<meta property=\"og:url\" content=\"https:\/\/www.lucas-alarmes.com\/boutique\/livraison\/\" \/>\n<meta property=\"og:site_name\" content=\"Boutique Lucas Alarmes\" \/>\n<meta property=\"article:modified_time\" content=\"2015-09-16T08:13:15+00:00\" \/>\n<meta property=\"og:image\" content=\"http:\/\/www.lucas-alarmes.com\/boutique\/wp-content\/uploads\/sites\/3\/2015\/09\/logo_csuivi.gif\" \/>\n<meta name=\"twitter:card\" content=\"summary_large_image\" \/>\n<meta name=\"twitter:label1\" content=\"Dur\u00e9e de lecture estim\u00e9e\" \/>\n\t<meta name=\"twitter:data1\" content=\"1 minute\" \/>\n<script type=\"application\/ld+json\" class=\"yoast-schema-graph\">{\"@context\":\"https:\/\/schema.org\",\"@graph\":[{\"@type\":\"WebPage\",\"@id\":\"https:\/\/www.lucas-alarmes.com\/boutique\/livraison\/\",\"url\":\"https:\/\/www.lucas-alarmes.com\/boutique\/livraison\/\",\"name\":\"Livraison - Boutique Lucas Alarmes\",\"isPartOf\":{\"@id\":\"https:\/\/www.lucas-alarmes.com\/boutique\/#website\"},\"primaryImageOfPage\":{\"@id\":\"https:\/\/www.lucas-alarmes.com\/boutique\/livraison\/#primaryimage\"},\"image\":{\"@id\":\"https:\/\/www.lucas-alarmes.com\/boutique\/livraison\/#primaryimage\"},\"thumbnailUrl\":\"http:\/\/www.lucas-alarmes.com\/boutique\/wp-content\/uploads\/sites\/3\/2015\/09\/logo_csuivi.gif\",\"datePublished\":\"2015-09-16T08:08:31+00:00\",\"dateModified\":\"2015-09-16T08:13:15+00:00\",\"breadcrumb\":{\"@id\":\"https:\/\/www.lucas-alarmes.com\/boutique\/livraison\/#breadcrumb\"},\"inLanguage\":\"fr-FR\",\"potentialAction\":[{\"@type\":\"ReadAction\",\"target\":[\"https:\/\/www.lucas-alarmes.com\/boutique\/livraison\/\"]}]},{\"@type\":\"ImageObject\",\"inLanguage\":\"fr-FR\",\"@id\":\"https:\/\/www.lucas-alarmes.com\/boutique\/livraison\/#primaryimage\",\"url\":\"http:\/\/www.lucas-alarmes.com\/boutique\/wp-content\/uploads\/sites\/3\/2015\/09\/logo_csuivi.gif\",\"contentUrl\":\"http:\/\/www.lucas-alarmes.com\/boutique\/wp-content\/uploads\/sites\/3\/2015\/09\/logo_csuivi.gif\"},{\"@type\":\"BreadcrumbList\",\"@id\":\"https:\/\/www.lucas-alarmes.com\/boutique\/livraison\/#breadcrumb\",\"itemListElement\":[{\"@type\":\"ListItem\",\"position\":1,\"name\":\"Accueil\",\"item\":\"https:\/\/www.lucas-alarmes.com\/boutique\/\"},{\"@type\":\"ListItem\",\"position\":2,\"name\":\"Livraison\"}]},{\"@type\":\"WebSite\",\"@id\":\"https:\/\/www.lucas-alarmes.com\/boutique\/#website\",\"url\":\"https:\/\/www.lucas-alarmes.com\/boutique\/\",\"name\":\"Boutique Lucas Alarmes\",\"description\":\"Le Sp\u00e9cialiste de l&#039;alarme sans fil\",\"potentialAction\":[{\"@type\":\"SearchAction\",\"target\":{\"@type\":\"EntryPoint\",\"urlTemplate\":\"https:\/\/www.lucas-alarmes.com\/boutique\/?s={search_term_string}\"},\"query-input\":{\"@type\":\"PropertyValueSpecification\",\"valueRequired\":true,\"valueName\":\"search_term_string\"}}],\"inLanguage\":\"fr-FR\"}]}<\/script>\n<!-- \/ Yoast SEO plugin. -->","yoast_head_json":{"title":"Livraison - Boutique Lucas Alarmes","robots":{"index":"index","follow":"follow","max-snippet":"max-snippet:-1","max-image-preview":"max-image-preview:large","max-video-preview":"max-video-preview:-1"},"canonical":"https:\/\/www.lucas-alarmes.com\/boutique\/livraison\/","og_locale":"fr_FR","og_type":"article","og_title":"Livraison - Boutique Lucas Alarmes","og_description":"[vc_row full_width=\u00a0\u00bb\u00a0\u00bb parallax=\u00a0\u00bb\u00a0\u00bb parallax_image=\u00a0\u00bb\u00a0\u00bb row_id=\u00a0\u00bb\u00a0\u00bb][vc_column width=\u00a0\u00bb1\/1&Prime;][vc_column_text]Livraison en Colissimo recommand\u00e9 Frais d&rsquo;exp\u00e9dition : 2 \u20ac TTC Livraison gratuite \u00e0 partir de 200 \u20ac. Une livraison \u00e0 domicile [\u2026]","og_url":"https:\/\/www.lucas-alarmes.com\/boutique\/livraison\/","og_site_name":"Boutique Lucas Alarmes","article_modified_time":"2015-09-16T08:13:15+00:00","og_image":[{"url":"http:\/\/www.lucas-alarmes.com\/boutique\/wp-content\/uploads\/sites\/3\/2015\/09\/logo_csuivi.gif","type":"","width":"","height":""}],"twitter_card":"summary_large_image","twitter_misc":{"Dur\u00e9e de lecture estim\u00e9e":"1 minute"},"schema":{"@context":"https:\/\/schema.org","@graph":[{"@type":"WebPage","@id":"https:\/\/www.lucas-alarmes.com\/boutique\/livraison\/","url":"https:\/\/www.lucas-alarmes.com\/boutique\/livraison\/","name":"Livraison - Boutique Lucas Alarmes","isPartOf":{"@id":"https:\/\/www.lucas-alarmes.com\/boutique\/#website"},"primaryImageOfPage":{"@id":"https:\/\/www.lucas-alarmes.com\/boutique\/livraison\/#primaryimage"},"image":{"@id":"https:\/\/www.lucas-alarmes.com\/boutique\/livraison\/#primaryimage"},"thumbnailUrl":"http:\/\/www.lucas-alarmes.com\/boutique\/wp-content\/uploads\/sites\/3\/2015\/09\/logo_csuivi.gif","datePublished":"2015-09-16T08:08:31+00:00","dateModified":"2015-09-16T08:13:15+00:00","breadcrumb":{"@id":"https:\/\/www.lucas-alarmes.com\/boutique\/livraison\/#breadcrumb"},"inLanguage":"fr-FR","potentialAction":[{"@type":"ReadAction","target":["https:\/\/www.lucas-alarmes.com\/boutique\/livraison\/"]}]},{"@type":"ImageObject","inLanguage":"fr-FR","@id":"https:\/\/www.lucas-alarmes.com\/boutique\/livraison\/#primaryimage","url":"http:\/\/www.lucas-alarmes.com\/boutique\/wp-content\/uploads\/sites\/3\/2015\/09\/logo_csuivi.gif","contentUrl":"http:\/\/www.lucas-alarmes.com\/boutique\/wp-content\/uploads\/sites\/3\/2015\/09\/logo_csuivi.gif"},{"@type":"BreadcrumbList","@id":"https:\/\/www.lucas-alarmes.com\/boutique\/livraison\/#breadcrumb","itemListElement":[{"@type":"ListItem","position":1,"name":"Accueil","item":"https:\/\/www.lucas-alarmes.com\/boutique\/"},{"@type":"ListItem","position":2,"name":"Livraison"}]},{"@type":"WebSite","@id":"https:\/\/www.lucas-alarmes.com\/boutique\/#website","url":"https:\/\/www.lucas-alarmes.com\/boutique\/","name":"Boutique Lucas Alarmes","description":"Le Sp\u00e9cialiste de l&#039;alarme sans fil","potentialAction":[{"@type":"SearchAction","target":{"@type":"EntryPoint","urlTemplate":"https:\/\/www.lucas-alarmes.com\/boutique\/?s={search_term_string}"},"query-input":{"@type":"PropertyValueSpecification","valueRequired":true,"valueName":"search_term_string"}}],"inLanguage":"fr-FR"}]}},"_links":{"self":[{"href":"https:\/\/www.lucas-alarmes.com\/boutique\/wp-json\/wp\/v2\/pages\/4993","targetHints":{"allow":["GET"]}}],"collection":[{"href":"https:\/\/www.lucas-alarmes.com\/boutique\/wp-json\/wp\/v2\/pages"}],"about":[{"href":"https:\/\/www.lucas-alarmes.com\/boutique\/wp-json\/wp\/v2\/types\/page"}],"author":[{"embeddable":true,"href":"https:\/\/www.lucas-alarmes.com\/boutique\/wp-json\/wp\/v2\/users\/1"}],"replies":[{"embeddable":true,"href":"https:\/\/www.lucas-alarmes.com\/boutique\/wp-json\/wp\/v2\/comments?post=4993"}],"version-history":[{"count":3,"href":"https:\/\/www.lucas-alarmes.com\/boutique\/wp-json\/wp\/v2\/pages\/4993\/revisions"}],"predecessor-version":[{"id":5000,"href":"https:\/\/www.lucas-alarmes.com\/boutique\/wp-json\/wp\/v2\/pages\/4993\/revisions\/5000"}],"wp:attachment":[{"href":"https:\/\/www.lucas-alarmes.com\/boutique\/wp-json\/wp\/v2\/media?parent=4993"}],"curies":[{"name":"wp","href":"https:\/\/api.w.org\/{rel}","templated":true}]}}