{"id":4847,"date":"2015-03-30T08:42:37","date_gmt":"2015-03-30T07:42:37","guid":{"rendered":"http:\/\/www.lucas-alarmes.com\/boutique\/?page_id=4847"},"modified":"2022-02-18T13:10:30","modified_gmt":"2022-02-18T12:10:30","slug":"mentions-legales","status":"publish","type":"page","link":"https:\/\/www.lucas-alarmes.com\/boutique\/mentions-legales\/","title":{"rendered":"Mentions L\u00e9gales"},"content":{"rendered":"<div class=\"wpb-content-wrapper\"><p>[vc_row][vc_column width=\u00a0\u00bb1\/1&Prime;][vc_column_text]<strong>LUCAS ALARMES &#8211; RPV M\u00c9DITERRAN\u00c9E<\/strong>\u00a0: 19 rue Villa Oddo 13015 MARSEILLE<br \/>\nAnciennement <strong>RPV M\u00e9diterran\u00e9e <\/strong><br \/>\nSASU au capital de 43 500 \u20ac \u00b7 SIRET 449 782 671 00043 \u00b7 RCS MARSEILLE<br \/>\nAPE 4321A \u00b7 TVA INTRACOMMUNAUTAIRE FR37 449 782 671<br \/>\nPr\u00e9sident et responsable de publication : Julian Gilbert<\/p>\n<p>Portable: 06 28 07 57 73[\/vc_column_text][vc_column_text]<strong>H\u00e9bergement<\/strong> : ONLINE SAS BP 438 75366 PARIS CEDEX 08 &#8211; Tel : 01 84 13 00 00[\/vc_column_text][vc_column_text]<\/p>\n<p style=\"text-align: justify;\"><strong>LUCAS, le logo LUCAS sont des marques d\u00e9pos\u00e9es par la soci\u00e9t\u00e9 LUCAS. Toute utilisation non autoris\u00e9e des noms ou logos est interdite par la loi.<\/strong><\/p>\n<ul>\n<li style=\"text-align: justify;\">Les textes, la mise en page ainsi que les \u00e9l\u00e9ments graphiques (dessin, photo, graphiques&#8230;) sont les propri\u00e9t\u00e9s de la soci\u00e9t\u00e9 LUCAS. Ils sont soumis aux lois r\u00e9gissant les copyrights. Toute reproduction, r\u00e9\u00e9dition ou redistribution par quelque moyen que ce soit est totalement interdite par la loi sans autorisation \u00e9crite de la part de l&rsquo;int\u00e9ress\u00e9.<\/li>\n<li style=\"text-align: justify;\">Toute autre marque pr\u00e9sente sur notre site est la propri\u00e9t\u00e9 de la soci\u00e9t\u00e9 concern\u00e9e. Le contenu des pages de nos partenaires reste leur propri\u00e9t\u00e9 intellectuelle. Toute reproduction, r\u00e9\u00e9dition ou redistribution par quelque moyen que ce soit est totalement interdite par la loi sans autorisation \u00e9crite des partenaires concern\u00e9s.<\/li>\n<li style=\"text-align: justify;\">LUCAS d\u00e9cline \u00e9galement toute responsabilit\u00e9 en ce qui concerne le contenu et la pertinence des informations donn\u00e9es des sites \u00e9dit\u00e9s par des tiers et accessibles depuis le site Protection-maison par des liens hypertextes.<\/li>\n<li style=\"text-align: justify;\">Les informations fournies sur le site protection-maison et dans la lettre d&rsquo;information envoy\u00e9e par e-mail sont fournies gratuitement et \u00e0 titre indicatif. LUCAS ne garantit pas leurs exactitudes et ne pourra en aucun cas \u00eatre tenu pour responsable des dommages directs ou indirects qui pourraient r\u00e9sulter de l&rsquo;utilisation des informations donn\u00e9es sur le site ou dans la lettre d&rsquo;information.<\/li>\n<li style=\"text-align: justify;\">L&rsquo;internaute peut \u00eatre amen\u00e9 \u00e0 nous communiquer ses coordonn\u00e9es. Les donn\u00e9es nominatives ainsi collet\u00e9es feront l&rsquo;objet d&rsquo;un traitement informatique. L&rsquo;internaute reconna\u00eet en avoir pris connaissance. Ces informations pourront donc \u00eatre communiqu\u00e9es \u00e0 des tiers.<\/li>\n<li style=\"text-align: justify;\">L&rsquo;internaute dispose d&rsquo;un droit d&rsquo;acc\u00e8s ou de modification sur toute information le concernant et figurant dans le fichier de la soci\u00e9t\u00e9. Il suffit pour cela de nous contacter par e-mail : contact@protection-maison.com. L&rsquo;internaute peut \u00e9galement s&rsquo;opposer \u00e0 toute communication de ces donn\u00e9es personnelles en \u00e9crivant \u00e0 l&rsquo;adresse suivante :<br \/>\n<strong> LUCAS \u2013 19 rue Villa Oddo \u2013 13015 Marseille.<\/strong><\/li>\n<\/ul>\n<p>[\/vc_column_text][\/vc_column][\/vc_row]<\/p>\n<\/div>","protected":false},"excerpt":{"rendered":"<p>[vc_row][vc_column width=\u00a0\u00bb1\/1&Prime;][vc_column_text]LUCAS ALARMES &#8211; RPV M\u00c9DITERRAN\u00c9E\u00a0: 19 rue Villa Oddo 13015 MARSEILLE Anciennement RPV M\u00e9diterran\u00e9e SASU au capital de 43 500 \u20ac \u00b7 SIRET 449 782<span class=\"excerpt-hellip\"> [\u2026]<\/span><\/p>\n","protected":false},"author":1,"featured_media":0,"parent":0,"menu_order":0,"comment_status":"open","ping_status":"open","template":"","meta":{"footnotes":""},"class_list":["post-4847","page","type-page","status-publish","hentry"],"yoast_head":"<!-- This site is optimized with the Yoast SEO plugin v24.4 - https:\/\/yoast.com\/wordpress\/plugins\/seo\/ -->\n<title>Mentions L\u00e9gales - Boutique Lucas Alarmes<\/title>\n<meta name=\"robots\" content=\"index, follow, max-snippet:-1, max-image-preview:large, max-video-preview:-1\" \/>\n<link rel=\"canonical\" href=\"https:\/\/www.lucas-alarmes.com\/boutique\/mentions-legales\/\" \/>\n<meta property=\"og:locale\" content=\"fr_FR\" \/>\n<meta property=\"og:type\" content=\"article\" \/>\n<meta property=\"og:title\" content=\"Mentions L\u00e9gales - Boutique Lucas Alarmes\" \/>\n<meta property=\"og:description\" content=\"[vc_row][vc_column width=\u00a0\u00bb1\/1&Prime;][vc_column_text]LUCAS ALARMES &#8211; RPV M\u00c9DITERRAN\u00c9E\u00a0: 19 rue Villa Oddo 13015 MARSEILLE Anciennement RPV M\u00e9diterran\u00e9e SASU au capital de 43 500 \u20ac \u00b7 SIRET 449 782 [\u2026]\" \/>\n<meta property=\"og:url\" content=\"https:\/\/www.lucas-alarmes.com\/boutique\/mentions-legales\/\" \/>\n<meta property=\"og:site_name\" content=\"Boutique Lucas Alarmes\" \/>\n<meta property=\"article:modified_time\" content=\"2022-02-18T12:10:30+00:00\" \/>\n<meta name=\"twitter:card\" content=\"summary_large_image\" \/>\n<meta name=\"twitter:label1\" content=\"Dur\u00e9e de lecture estim\u00e9e\" \/>\n\t<meta name=\"twitter:data1\" content=\"2 minutes\" \/>\n<script type=\"application\/ld+json\" class=\"yoast-schema-graph\">{\"@context\":\"https:\/\/schema.org\",\"@graph\":[{\"@type\":\"WebPage\",\"@id\":\"https:\/\/www.lucas-alarmes.com\/boutique\/mentions-legales\/\",\"url\":\"https:\/\/www.lucas-alarmes.com\/boutique\/mentions-legales\/\",\"name\":\"Mentions L\u00e9gales - Boutique Lucas Alarmes\",\"isPartOf\":{\"@id\":\"https:\/\/www.lucas-alarmes.com\/boutique\/#website\"},\"datePublished\":\"2015-03-30T07:42:37+00:00\",\"dateModified\":\"2022-02-18T12:10:30+00:00\",\"breadcrumb\":{\"@id\":\"https:\/\/www.lucas-alarmes.com\/boutique\/mentions-legales\/#breadcrumb\"},\"inLanguage\":\"fr-FR\",\"potentialAction\":[{\"@type\":\"ReadAction\",\"target\":[\"https:\/\/www.lucas-alarmes.com\/boutique\/mentions-legales\/\"]}]},{\"@type\":\"BreadcrumbList\",\"@id\":\"https:\/\/www.lucas-alarmes.com\/boutique\/mentions-legales\/#breadcrumb\",\"itemListElement\":[{\"@type\":\"ListItem\",\"position\":1,\"name\":\"Accueil\",\"item\":\"https:\/\/www.lucas-alarmes.com\/boutique\/\"},{\"@type\":\"ListItem\",\"position\":2,\"name\":\"Mentions L\u00e9gales\"}]},{\"@type\":\"WebSite\",\"@id\":\"https:\/\/www.lucas-alarmes.com\/boutique\/#website\",\"url\":\"https:\/\/www.lucas-alarmes.com\/boutique\/\",\"name\":\"Boutique Lucas Alarmes\",\"description\":\"Le Sp\u00e9cialiste de l&#039;alarme sans fil\",\"potentialAction\":[{\"@type\":\"SearchAction\",\"target\":{\"@type\":\"EntryPoint\",\"urlTemplate\":\"https:\/\/www.lucas-alarmes.com\/boutique\/?s={search_term_string}\"},\"query-input\":{\"@type\":\"PropertyValueSpecification\",\"valueRequired\":true,\"valueName\":\"search_term_string\"}}],\"inLanguage\":\"fr-FR\"}]}<\/script>\n<!-- \/ Yoast SEO plugin. -->","yoast_head_json":{"title":"Mentions L\u00e9gales - Boutique Lucas Alarmes","robots":{"index":"index","follow":"follow","max-snippet":"max-snippet:-1","max-image-preview":"max-image-preview:large","max-video-preview":"max-video-preview:-1"},"canonical":"https:\/\/www.lucas-alarmes.com\/boutique\/mentions-legales\/","og_locale":"fr_FR","og_type":"article","og_title":"Mentions L\u00e9gales - Boutique Lucas Alarmes","og_description":"[vc_row][vc_column width=\u00a0\u00bb1\/1&Prime;][vc_column_text]LUCAS ALARMES &#8211; RPV M\u00c9DITERRAN\u00c9E\u00a0: 19 rue Villa Oddo 13015 MARSEILLE Anciennement RPV M\u00e9diterran\u00e9e SASU au capital de 43 500 \u20ac \u00b7 SIRET 449 782 [\u2026]","og_url":"https:\/\/www.lucas-alarmes.com\/boutique\/mentions-legales\/","og_site_name":"Boutique Lucas Alarmes","article_modified_time":"2022-02-18T12:10:30+00:00","twitter_card":"summary_large_image","twitter_misc":{"Dur\u00e9e de lecture estim\u00e9e":"2 minutes"},"schema":{"@context":"https:\/\/schema.org","@graph":[{"@type":"WebPage","@id":"https:\/\/www.lucas-alarmes.com\/boutique\/mentions-legales\/","url":"https:\/\/www.lucas-alarmes.com\/boutique\/mentions-legales\/","name":"Mentions L\u00e9gales - Boutique Lucas Alarmes","isPartOf":{"@id":"https:\/\/www.lucas-alarmes.com\/boutique\/#website"},"datePublished":"2015-03-30T07:42:37+00:00","dateModified":"2022-02-18T12:10:30+00:00","breadcrumb":{"@id":"https:\/\/www.lucas-alarmes.com\/boutique\/mentions-legales\/#breadcrumb"},"inLanguage":"fr-FR","potentialAction":[{"@type":"ReadAction","target":["https:\/\/www.lucas-alarmes.com\/boutique\/mentions-legales\/"]}]},{"@type":"BreadcrumbList","@id":"https:\/\/www.lucas-alarmes.com\/boutique\/mentions-legales\/#breadcrumb","itemListElement":[{"@type":"ListItem","position":1,"name":"Accueil","item":"https:\/\/www.lucas-alarmes.com\/boutique\/"},{"@type":"ListItem","position":2,"name":"Mentions L\u00e9gales"}]},{"@type":"WebSite","@id":"https:\/\/www.lucas-alarmes.com\/boutique\/#website","url":"https:\/\/www.lucas-alarmes.com\/boutique\/","name":"Boutique Lucas Alarmes","description":"Le Sp\u00e9cialiste de l&#039;alarme sans fil","potentialAction":[{"@type":"SearchAction","target":{"@type":"EntryPoint","urlTemplate":"https:\/\/www.lucas-alarmes.com\/boutique\/?s={search_term_string}"},"query-input":{"@type":"PropertyValueSpecification","valueRequired":true,"valueName":"search_term_string"}}],"inLanguage":"fr-FR"}]}},"_links":{"self":[{"href":"https:\/\/www.lucas-alarmes.com\/boutique\/wp-json\/wp\/v2\/pages\/4847","targetHints":{"allow":["GET"]}}],"collection":[{"href":"https:\/\/www.lucas-alarmes.com\/boutique\/wp-json\/wp\/v2\/pages"}],"about":[{"href":"https:\/\/www.lucas-alarmes.com\/boutique\/wp-json\/wp\/v2\/types\/page"}],"author":[{"embeddable":true,"href":"https:\/\/www.lucas-alarmes.com\/boutique\/wp-json\/wp\/v2\/users\/1"}],"replies":[{"embeddable":true,"href":"https:\/\/www.lucas-alarmes.com\/boutique\/wp-json\/wp\/v2\/comments?post=4847"}],"version-history":[{"count":9,"href":"https:\/\/www.lucas-alarmes.com\/boutique\/wp-json\/wp\/v2\/pages\/4847\/revisions"}],"predecessor-version":[{"id":5242,"href":"https:\/\/www.lucas-alarmes.com\/boutique\/wp-json\/wp\/v2\/pages\/4847\/revisions\/5242"}],"wp:attachment":[{"href":"https:\/\/www.lucas-alarmes.com\/boutique\/wp-json\/wp\/v2\/media?parent=4847"}],"curies":[{"name":"wp","href":"https:\/\/api.w.org\/{rel}","templated":true}]}}