{"id":4750,"date":"2015-03-25T12:28:05","date_gmt":"2015-03-25T11:28:05","guid":{"rendered":"http:\/\/www.lucas-alarmes.com\/boutique\/?page_id=4750"},"modified":"2016-12-17T14:43:05","modified_gmt":"2016-12-17T13:43:05","slug":"foires-aux-questions","status":"publish","type":"page","link":"https:\/\/www.lucas-alarmes.com\/boutique\/foires-aux-questions\/","title":{"rendered":"Foires aux questions"},"content":{"rendered":"<div class=\"wpb-content-wrapper\"><p>[vc_row][vc_column width=\u00a0\u00bb1\/1&Prime;][vc_accordion collapsible=\u00a0\u00bbyes\u00a0\u00bb disable_keyboard=\u00a0\u00bb\u00a0\u00bb active_tab=\u00a0\u00bb1&Prime;][vc_accordion_tab title=\u00a0\u00bbComment effectuer une commande ?\u00a0\u00bb][vc_column_text]<\/p>\n<ol>\n<li>Cr\u00e9er votre compte<br \/>\n<a title=\"Mon Compte\" href=\"https:\/\/www.lucas-alarmes.com\/boutique\/mon-compte\/\">Identifiez-vous<\/a>.<\/li>\n<li>Remplir votre panier<br \/>\nAjoutez un \u00e0 un les produits souhait\u00e9s dans votre panier.<\/li>\n<li>Valider votre panier<\/li>\n<li>Effectuer votre r\u00e8glement s\u00e9curis\u00e9<\/li>\n<li>Vous \u00eates livr\u00e9 dans les meilleurs d\u00e9lais<\/li>\n<\/ol>\n<p>[\/vc_column_text][\/vc_accordion_tab][vc_accordion_tab title=\u00a0\u00bbComment fonctionne une alarme ?\u00a0\u00bb][vc_column_text]<img loading=\"lazy\" decoding=\"async\" class=\"aligncenter size-full wp-image-4968\" src=\"https:\/\/www.lucas-alarmes.com\/boutique\/wp-content\/uploads\/sites\/3\/2015\/03\/schema_alarme_2.jpg\" alt=\"schema_alarme_2\" width=\"500\" height=\"500\" srcset=\"https:\/\/www.lucas-alarmes.com\/boutique\/wp-content\/uploads\/sites\/3\/2015\/03\/schema_alarme_2.jpg 500w, https:\/\/www.lucas-alarmes.com\/boutique\/wp-content\/uploads\/sites\/3\/2015\/03\/schema_alarme_2-300x300.jpg 300w, https:\/\/www.lucas-alarmes.com\/boutique\/wp-content\/uploads\/sites\/3\/2015\/03\/schema_alarme_2-115x115.jpg 115w, https:\/\/www.lucas-alarmes.com\/boutique\/wp-content\/uploads\/sites\/3\/2015\/03\/schema_alarme_2-150x150.jpg 150w, https:\/\/www.lucas-alarmes.com\/boutique\/wp-content\/uploads\/sites\/3\/2015\/03\/schema_alarme_2-75x75.jpg 75w, https:\/\/www.lucas-alarmes.com\/boutique\/wp-content\/uploads\/sites\/3\/2015\/03\/schema_alarme_2-480x480.jpg 480w\" sizes=\"auto, (max-width:767px) 480px, 500px\" \/><\/p>\n<p><strong>Un syst\u00e8me d\u2019alarme anti-intrusion doit comporter au minimum :<\/strong><\/p>\n<p style=\"padding-left: 30px\">1 dispositif de d\u00e9tection<\/p>\n<p style=\"padding-left: 30px\">1 dispositif de commande<\/p>\n<p style=\"padding-left: 30px\">1 centrale<\/p>\n<p style=\"padding-left: 30px\">1 dispositif d\u2019alarme<\/p>\n<p>&nbsp;<\/p>\n<h3 style=\"text-align: left\">1. Les dispositifs de d\u00e9tection<\/h3>\n<p style=\"text-align: left\">Il existe 2 types de d\u00e9tecteurs :<\/p>\n<ul>\n<li style=\"text-align: left\"><strong>Les d\u00e9tecteurs p\u00e9rim\u00e9triques<\/strong> (d\u00e9tection des ouvertures) pour la protection des issues de l\u2019habitation (portes, fen\u00eatres, baies, volets, velux\u2026).<\/li>\n<li style=\"text-align: left\"><strong>Les d\u00e9tecteurs volum\u00e9triques<\/strong> (d\u00e9tection des mouvements) pour la protection des volumes int\u00e9rieurs de l\u2019habitation (halls, couloirs, s\u00e9jours, bureaux, chambres\u2026).<\/li>\n<\/ul>\n<h4 style=\"text-align: left\">Notre conseil<\/h4>\n<blockquote>\n<p style=\"text-align: left\">Il n\u2019est pas indispensable de prot\u00e9ger toutes les issues et toutes les pi\u00e8ces de votre habitation. Le plus important est de concentrer la d\u00e9tection sur les lieux de passages oblig\u00e9s (hall, couloirs), les issues principales (porte d\u2019entr\u00e9e, porte de garage) et les pi\u00e8ces contenant les biens de valeur (s\u00e9jour, bureaux).<\/p>\n<p style=\"text-align: left\">\n<\/blockquote>\n<p>&nbsp;<\/p>\n<h3 style=\"text-align: left\">2. Les dispositifs de commande<\/h3>\n<p style=\"text-align: left\">Il existe 2 types de commandes :<\/p>\n<ul>\n<li style=\"text-align: left\"><strong>Les t\u00e9l\u00e9commandes<\/strong> (commande individuelle).<\/li>\n<li style=\"text-align: left\"><strong>Les claviers d\u00e9port\u00e9s<\/strong> (commande multi-utilisateurs).<\/li>\n<\/ul>\n<h4>Notre conseil<\/h4>\n<blockquote><p>Les t\u00e9l\u00e9commandes ne sont pas indispensables mais elles vous permettent d\u2019activer et d\u00e9sactiver tr\u00e8s rapidement votre syst\u00e8me d\u2019alarme. Nos t\u00e9l\u00e9commandes sont \u00e9quip\u00e9es d\u2019un bouton permettant le d\u00e9clenchement instantan\u00e9 des sir\u00e8nes en cas d\u2019urgence (malaise, agression&#8230;).<\/p>\n<p><strong>Les claviers d\u00e9port\u00e9s sont fortement conseill\u00e9s si votre habitation comporte plusieurs portes d\u2019entr\u00e9e.<\/strong><\/p><\/blockquote>\n<p>&nbsp;<\/p>\n<h3>3. Les centrales<\/h3>\n<p>La centrale est \u00ab le cerveau \u00bb de votre syst\u00e8me d\u2019alarme. \u00c0 la fois \u00e9metteur et r\u00e9cepteur, la centrale relie entre eux tous les \u00e9l\u00e9ments du syst\u00e8me. En cas d\u2019activation de l\u2019un des d\u00e9tecteurs, la centrale r\u00e9agit instantan\u00e9ment en d\u00e9clenchant les diff\u00e9rentes sir\u00e8nes et \u00e9ventuellement le transmetteur t\u00e9l\u00e9phonique.<\/p>\n<h4>Notre conseil<\/h4>\n<blockquote><p>La centrale, qui int\u00e8gre une puissante sir\u00e8ne, doit \u00eatre install\u00e9e dans un endroit o\u00f9 le son de la sir\u00e8ne se propage correctement et dans un espace dont l\u2019acc\u00e8s est prot\u00e9g\u00e9 par un radar. Le plus souvent, on installe la centrale dans le hall d\u2019entr\u00e9e.<\/p>\n<p><strong>Nos centrales sont toutes \u00e9quip\u00e9es d\u2019un clavier de commande, d\u2019une sir\u00e8ne interne et d\u2019un \u00e9cran d\u2019informations \u00e0 cristaux liquides.<\/strong><\/p><\/blockquote>\n<p>&nbsp;<\/p>\n<h3>4. Les dispositifs d\u2019alarme<\/h3>\n<p>Il existe 2 dispositifs d\u2019alarme :<\/p>\n<ul>\n<li><strong>Les dispositifs de dissuasion<\/strong> : sir\u00e8nes ext\u00e9rieures et int\u00e9rieures. Leur but est avant tout de faire fuir les intrus mais \u00e9galement d\u2019alerter le voisinage.<\/li>\n<li><strong>Les dispositifs d\u2019alerte<\/strong> : transmetteurs t\u00e9l\u00e9phoniques. En cas d\u2019effraction, ils vous avertissent instantan\u00e9ment, o\u00f9 que vous soyez, sur votre t\u00e9l\u00e9phone portable.<\/li>\n<\/ul>\n<h4>Notre conseil<\/h4>\n<blockquote><p>Pour une dissuasion efficace dans une maison individuelle, il est fortement conseill\u00e9 d\u2019installer une sir\u00e8ne ext\u00e9rieure. Nous vous conseillons d\u2019installer la sir\u00e8ne ext\u00e9rieure le plus haut possible et sur un mur bien visible.<\/p>\n<p><strong>Certaines de nos centrales sont \u00e9quip\u00e9es d\u2019un transmetteur t\u00e9l\u00e9phonique interne.<\/strong><\/p><\/blockquote>\n<p>[\/vc_column_text][\/vc_accordion_tab][vc_accordion_tab title=\u00a0\u00bbComment remplacer les piles ?\u00a0\u00bb][vc_column_text]<strong>T\u00e9l\u00e9charger les proc\u00e9dures pour remplacer les piles :<\/strong><\/p>\n<ul>\n<li><a href=\"https:\/\/www.lucas-alarmes.com\/boutique\/wp-content\/uploads\/sites\/3\/2014\/01\/procedure-Piles_C902.pdf\" target=\"_blank\">Centrale C-902<\/a><\/li>\n<li><a href=\"https:\/\/www.lucas-alarmes.com\/boutique\/wp-content\/uploads\/sites\/3\/2014\/01\/preocedures-Piles_BX7_SR7.pdf\" target=\"_blank\">Sir\u00e8nes ext\u00e9rieure BX-7 et int\u00e9rieure SR-7<\/a><\/li>\n<li><a href=\"https:\/\/www.lucas-alarmes.com\/boutique\/wp-content\/uploads\/sites\/3\/2014\/01\/procedure-Piles_DC7_IR7_KP7.pdf\" target=\"_blank\">D\u00e9tecteur d&rsquo;ouverture DC-7, Radar infrarouge IR-7 et Clavier d\u00e9port\u00e9 KP-7<\/a><\/li>\n<\/ul>\n<p>[\/vc_column_text][\/vc_accordion_tab]<\/p>\n<p>[vc_accordion_tab title=\u00a0\u00bbMon alarme Bip, je dois retirer un \u00e9l\u00e9ment avec batterie faible\u00a0\u00bb][vc_column_text] Si votre alarme bip \u00e0 cause d&rsquo;un niveau bas batterie sur un des \u00e9l\u00e9ments de votre syst\u00e8me de protection, veuillez suivre la proc\u00e9dure ci-jointe, au format PDF afin de retirer l&rsquo;\u00e9l\u00e9ment avec un faible niveau de batterie en attendant l&rsquo;intervention d&rsquo;un technicien. <a href=\"https:\/\/www.lucas-alarmes.com\/boutique\/wp-content\/uploads\/sites\/3\/2015\/03\/Procedure-retirer-element-batterie-faible.pdf\">Procedure\u00a0pour retirer un p\u00e9riph\u00e9rique avec batterie faible.pdf<br \/>\n<\/a>Je vous rappelle que si vous avez le moindre doute, vous pouvez nous joindre pour que nous vous assistions dans cette d\u00e9marche.<br \/>\n[\/vc_column_text][\/vc_accordion_tab]<\/p>\n<p>[vc_accordion_tab title=\u00a0\u00bbPourquoi se prot\u00e9ger ?\u00a0\u00bb][vc_column_text]<\/p>\n<h2>Un cambriolage c\u2019est la violation de son intimit\u00e9<\/h2>\n<p>Les pouvoirs publiques confirment une augmentation permanente de la d\u00e9linquance.<br \/>\nDans cet environnement on se doit de prendre les pr\u00e9cautions minimales pour assurer la s\u00e9curit\u00e9 de son habitation.<br \/>\n<strong>Pourquoi attendre, comme le font beaucoup trop de gens, d\u2019avoir \u00e9t\u00e9 cambriol\u00e9 pour se d\u00e9cider \u00e0 s\u2019\u00e9quiper\u00a0?<\/strong><\/p>\n<h3>Combien\u00a0?<\/h3>\n<p><strong>7 fran\u00e7ais sur 10<\/strong> connaissent au moins une fois dans leur vie, le cauchemar du cambriolage.<br \/>\n<strong>Plus de 500\u00a0000 cambriolages<\/strong> sont commis en France chaque ann\u00e9e, soit un cambriolage toutes les 2 minutes\u00a0!<br \/>\nLe risque de cambriolage est donc aujourd&rsquo;hui et plus que jamais un souci permanent dans le quotidien des Fran\u00e7ais.<\/p>\n<h3>Quand\u00a0?<\/h3>\n<p>60% des cambriolages ont lieu <strong>entre 14h et 16h<\/strong>.<\/p>\n<h3>Comment\u00a0?<\/h3>\n<p>C\u2019est la <strong>porte<\/strong> qui emprunt\u00e9e dans 80% des cas.<\/p>\n<p>Le <strong>pied de biche<\/strong> est l\u2019outil principalement utilis\u00e9 dans plus d\u2019un cas sur deux.<\/p>\n<h3>Quoi\u00a0?<\/h3>\n<p>Le butin moyen est de <strong>plus de 5300<\/strong> \u20ac.<br \/>\nLe montant moyen des d\u00e9gradations est de <strong>plus de 5600 \u20ac<\/strong>.<br \/>\nSans compter le caract\u00e8re traumatisant d\u2019une telle agression\u00a0!<\/p>\n<h3>O\u00f9\u00a0?<\/h3>\n<p><strong>Paris et la r\u00e9gion parisienne<\/strong> arrivent en t\u00eate des cambriolages.<\/p>\n<p>Consultez les statistiques des cambriolages dans votre d\u00e9partement.[\/vc_column_text][vc_button2 title=\u00a0\u00bbT\u00e9l\u00e9charger les statistiques des cambriolages\u00a0\u00bb align=\u00a0\u00bbinline\u00a0\u00bb style=\u00a0\u00bbrounded\u00a0\u00bb color=\u00a0\u00bbgrey\u00a0\u00bb size=\u00a0\u00bbmd\u00a0\u00bb link=\u00a0\u00bburl:http%3A%2F%2Fwww.lucas-alarmes.com\/boutique%2Fwp-content%2Fuploads%2F2014%2F01%2Fstatistiques_cambriolages.pdf|title:Statistiques%20cambriolages|target:%20_blank\u00a0\u00bb][\/vc_accordion_tab][vc_accordion_tab title=\u00a0\u00bbO\u00f9 installons-nous ?\u00a0\u00bb][vc_column_text]Nous poss\u00e9dons un r\u00e9seau d&rsquo;installateurs qui couvre toute la France m\u00e9tropolitaine.<br \/>\nLes d\u00e9lais d&rsquo;installation sont, en moyenne, de 10 jours.<br \/>\nAfin de vous garantir les meilleurs tarifs, nous effectuons les devis uniquement par t\u00e9l\u00e9phone ou par mail.<br \/>\nVous pouvez nous contacter au\u00a006 28 07 57 73<br \/>\nVous pouvez \u00e9galement nous adresser un mail : <a href=\"mailto:contact@lucas-alarmes.com\">contact@lucas-alarmes.com<\/a>[\/vc_column_text][\/vc_accordion_tab][\/vc_accordion][\/vc_column][\/vc_row]<\/p>\n<p>&nbsp;<\/p>\n<p>&nbsp;<\/p>\n<\/div>","protected":false},"excerpt":{"rendered":"<p>[vc_row][vc_column width=\u00a0\u00bb1\/1&Prime;][vc_accordion collapsible=\u00a0\u00bbyes\u00a0\u00bb disable_keyboard=\u00a0\u00bb\u00a0\u00bb active_tab=\u00a0\u00bb1&Prime;][vc_accordion_tab title=\u00a0\u00bbComment effectuer une commande ?\u00a0\u00bb][vc_column_text] Cr\u00e9er votre compte Identifiez-vous. Remplir votre panier Ajoutez un \u00e0 un les produits souhait\u00e9s dans votre<span class=\"excerpt-hellip\"> [\u2026]<\/span><\/p>\n","protected":false},"author":1,"featured_media":0,"parent":0,"menu_order":0,"comment_status":"open","ping_status":"open","template":"","meta":{"footnotes":""},"class_list":["post-4750","page","type-page","status-publish","hentry"],"yoast_head":"<!-- This site is optimized with the Yoast SEO plugin v24.4 - https:\/\/yoast.com\/wordpress\/plugins\/seo\/ -->\n<title>Foires aux questions - Boutique Lucas Alarmes<\/title>\n<meta name=\"robots\" content=\"index, follow, max-snippet:-1, max-image-preview:large, max-video-preview:-1\" \/>\n<link rel=\"canonical\" href=\"https:\/\/www.lucas-alarmes.com\/boutique\/foires-aux-questions\/\" \/>\n<meta property=\"og:locale\" content=\"fr_FR\" \/>\n<meta property=\"og:type\" content=\"article\" \/>\n<meta property=\"og:title\" content=\"Foires aux questions - Boutique Lucas Alarmes\" \/>\n<meta property=\"og:description\" content=\"[vc_row][vc_column width=\u00a0\u00bb1\/1&Prime;][vc_accordion collapsible=\u00a0\u00bbyes\u00a0\u00bb disable_keyboard=\u00a0\u00bb\u00a0\u00bb active_tab=\u00a0\u00bb1&Prime;][vc_accordion_tab title=\u00a0\u00bbComment effectuer une commande ?\u00a0\u00bb][vc_column_text] Cr\u00e9er votre compte Identifiez-vous. Remplir votre panier Ajoutez un \u00e0 un les produits souhait\u00e9s dans votre [\u2026]\" \/>\n<meta property=\"og:url\" content=\"https:\/\/www.lucas-alarmes.com\/boutique\/foires-aux-questions\/\" \/>\n<meta property=\"og:site_name\" content=\"Boutique Lucas Alarmes\" \/>\n<meta property=\"article:modified_time\" content=\"2016-12-17T13:43:05+00:00\" \/>\n<meta property=\"og:image\" content=\"http:\/\/www.lucas-alarmes.com\/boutique\/wp-content\/uploads\/sites\/3\/2015\/03\/schema_alarme_2.jpg\" \/>\n<meta name=\"twitter:card\" content=\"summary_large_image\" \/>\n<meta name=\"twitter:label1\" content=\"Dur\u00e9e de lecture estim\u00e9e\" \/>\n\t<meta name=\"twitter:data1\" content=\"5 minutes\" \/>\n<script type=\"application\/ld+json\" class=\"yoast-schema-graph\">{\"@context\":\"https:\/\/schema.org\",\"@graph\":[{\"@type\":\"WebPage\",\"@id\":\"https:\/\/www.lucas-alarmes.com\/boutique\/foires-aux-questions\/\",\"url\":\"https:\/\/www.lucas-alarmes.com\/boutique\/foires-aux-questions\/\",\"name\":\"Foires aux questions - Boutique Lucas Alarmes\",\"isPartOf\":{\"@id\":\"https:\/\/www.lucas-alarmes.com\/boutique\/#website\"},\"primaryImageOfPage\":{\"@id\":\"https:\/\/www.lucas-alarmes.com\/boutique\/foires-aux-questions\/#primaryimage\"},\"image\":{\"@id\":\"https:\/\/www.lucas-alarmes.com\/boutique\/foires-aux-questions\/#primaryimage\"},\"thumbnailUrl\":\"http:\/\/www.lucas-alarmes.com\/boutique\/wp-content\/uploads\/sites\/3\/2015\/03\/schema_alarme_2.jpg\",\"datePublished\":\"2015-03-25T11:28:05+00:00\",\"dateModified\":\"2016-12-17T13:43:05+00:00\",\"breadcrumb\":{\"@id\":\"https:\/\/www.lucas-alarmes.com\/boutique\/foires-aux-questions\/#breadcrumb\"},\"inLanguage\":\"fr-FR\",\"potentialAction\":[{\"@type\":\"ReadAction\",\"target\":[\"https:\/\/www.lucas-alarmes.com\/boutique\/foires-aux-questions\/\"]}]},{\"@type\":\"ImageObject\",\"inLanguage\":\"fr-FR\",\"@id\":\"https:\/\/www.lucas-alarmes.com\/boutique\/foires-aux-questions\/#primaryimage\",\"url\":\"http:\/\/www.lucas-alarmes.com\/boutique\/wp-content\/uploads\/sites\/3\/2015\/03\/schema_alarme_2.jpg\",\"contentUrl\":\"http:\/\/www.lucas-alarmes.com\/boutique\/wp-content\/uploads\/sites\/3\/2015\/03\/schema_alarme_2.jpg\"},{\"@type\":\"BreadcrumbList\",\"@id\":\"https:\/\/www.lucas-alarmes.com\/boutique\/foires-aux-questions\/#breadcrumb\",\"itemListElement\":[{\"@type\":\"ListItem\",\"position\":1,\"name\":\"Accueil\",\"item\":\"https:\/\/www.lucas-alarmes.com\/boutique\/\"},{\"@type\":\"ListItem\",\"position\":2,\"name\":\"Foires aux questions\"}]},{\"@type\":\"WebSite\",\"@id\":\"https:\/\/www.lucas-alarmes.com\/boutique\/#website\",\"url\":\"https:\/\/www.lucas-alarmes.com\/boutique\/\",\"name\":\"Boutique Lucas Alarmes\",\"description\":\"Le Sp\u00e9cialiste de l&#039;alarme sans fil\",\"potentialAction\":[{\"@type\":\"SearchAction\",\"target\":{\"@type\":\"EntryPoint\",\"urlTemplate\":\"https:\/\/www.lucas-alarmes.com\/boutique\/?s={search_term_string}\"},\"query-input\":{\"@type\":\"PropertyValueSpecification\",\"valueRequired\":true,\"valueName\":\"search_term_string\"}}],\"inLanguage\":\"fr-FR\"}]}<\/script>\n<!-- \/ Yoast SEO plugin. -->","yoast_head_json":{"title":"Foires aux questions - Boutique Lucas Alarmes","robots":{"index":"index","follow":"follow","max-snippet":"max-snippet:-1","max-image-preview":"max-image-preview:large","max-video-preview":"max-video-preview:-1"},"canonical":"https:\/\/www.lucas-alarmes.com\/boutique\/foires-aux-questions\/","og_locale":"fr_FR","og_type":"article","og_title":"Foires aux questions - Boutique Lucas Alarmes","og_description":"[vc_row][vc_column width=\u00a0\u00bb1\/1&Prime;][vc_accordion collapsible=\u00a0\u00bbyes\u00a0\u00bb disable_keyboard=\u00a0\u00bb\u00a0\u00bb active_tab=\u00a0\u00bb1&Prime;][vc_accordion_tab title=\u00a0\u00bbComment effectuer une commande ?\u00a0\u00bb][vc_column_text] Cr\u00e9er votre compte Identifiez-vous. Remplir votre panier Ajoutez un \u00e0 un les produits souhait\u00e9s dans votre [\u2026]","og_url":"https:\/\/www.lucas-alarmes.com\/boutique\/foires-aux-questions\/","og_site_name":"Boutique Lucas Alarmes","article_modified_time":"2016-12-17T13:43:05+00:00","og_image":[{"url":"http:\/\/www.lucas-alarmes.com\/boutique\/wp-content\/uploads\/sites\/3\/2015\/03\/schema_alarme_2.jpg","type":"","width":"","height":""}],"twitter_card":"summary_large_image","twitter_misc":{"Dur\u00e9e de lecture estim\u00e9e":"5 minutes"},"schema":{"@context":"https:\/\/schema.org","@graph":[{"@type":"WebPage","@id":"https:\/\/www.lucas-alarmes.com\/boutique\/foires-aux-questions\/","url":"https:\/\/www.lucas-alarmes.com\/boutique\/foires-aux-questions\/","name":"Foires aux questions - Boutique Lucas Alarmes","isPartOf":{"@id":"https:\/\/www.lucas-alarmes.com\/boutique\/#website"},"primaryImageOfPage":{"@id":"https:\/\/www.lucas-alarmes.com\/boutique\/foires-aux-questions\/#primaryimage"},"image":{"@id":"https:\/\/www.lucas-alarmes.com\/boutique\/foires-aux-questions\/#primaryimage"},"thumbnailUrl":"http:\/\/www.lucas-alarmes.com\/boutique\/wp-content\/uploads\/sites\/3\/2015\/03\/schema_alarme_2.jpg","datePublished":"2015-03-25T11:28:05+00:00","dateModified":"2016-12-17T13:43:05+00:00","breadcrumb":{"@id":"https:\/\/www.lucas-alarmes.com\/boutique\/foires-aux-questions\/#breadcrumb"},"inLanguage":"fr-FR","potentialAction":[{"@type":"ReadAction","target":["https:\/\/www.lucas-alarmes.com\/boutique\/foires-aux-questions\/"]}]},{"@type":"ImageObject","inLanguage":"fr-FR","@id":"https:\/\/www.lucas-alarmes.com\/boutique\/foires-aux-questions\/#primaryimage","url":"http:\/\/www.lucas-alarmes.com\/boutique\/wp-content\/uploads\/sites\/3\/2015\/03\/schema_alarme_2.jpg","contentUrl":"http:\/\/www.lucas-alarmes.com\/boutique\/wp-content\/uploads\/sites\/3\/2015\/03\/schema_alarme_2.jpg"},{"@type":"BreadcrumbList","@id":"https:\/\/www.lucas-alarmes.com\/boutique\/foires-aux-questions\/#breadcrumb","itemListElement":[{"@type":"ListItem","position":1,"name":"Accueil","item":"https:\/\/www.lucas-alarmes.com\/boutique\/"},{"@type":"ListItem","position":2,"name":"Foires aux questions"}]},{"@type":"WebSite","@id":"https:\/\/www.lucas-alarmes.com\/boutique\/#website","url":"https:\/\/www.lucas-alarmes.com\/boutique\/","name":"Boutique Lucas Alarmes","description":"Le Sp\u00e9cialiste de l&#039;alarme sans fil","potentialAction":[{"@type":"SearchAction","target":{"@type":"EntryPoint","urlTemplate":"https:\/\/www.lucas-alarmes.com\/boutique\/?s={search_term_string}"},"query-input":{"@type":"PropertyValueSpecification","valueRequired":true,"valueName":"search_term_string"}}],"inLanguage":"fr-FR"}]}},"_links":{"self":[{"href":"https:\/\/www.lucas-alarmes.com\/boutique\/wp-json\/wp\/v2\/pages\/4750","targetHints":{"allow":["GET"]}}],"collection":[{"href":"https:\/\/www.lucas-alarmes.com\/boutique\/wp-json\/wp\/v2\/pages"}],"about":[{"href":"https:\/\/www.lucas-alarmes.com\/boutique\/wp-json\/wp\/v2\/types\/page"}],"author":[{"embeddable":true,"href":"https:\/\/www.lucas-alarmes.com\/boutique\/wp-json\/wp\/v2\/users\/1"}],"replies":[{"embeddable":true,"href":"https:\/\/www.lucas-alarmes.com\/boutique\/wp-json\/wp\/v2\/comments?post=4750"}],"version-history":[{"count":20,"href":"https:\/\/www.lucas-alarmes.com\/boutique\/wp-json\/wp\/v2\/pages\/4750\/revisions"}],"predecessor-version":[{"id":5074,"href":"https:\/\/www.lucas-alarmes.com\/boutique\/wp-json\/wp\/v2\/pages\/4750\/revisions\/5074"}],"wp:attachment":[{"href":"https:\/\/www.lucas-alarmes.com\/boutique\/wp-json\/wp\/v2\/media?parent=4750"}],"curies":[{"name":"wp","href":"https:\/\/api.w.org\/{rel}","templated":true}]}}